{"id":72,"date":"2019-02-02T11:12:49","date_gmt":"2019-02-02T10:12:49","guid":{"rendered":"http:\/\/komplast.pl\/?page_id=72"},"modified":"2025-01-08T14:58:16","modified_gmt":"2025-01-08T13:58:16","slug":"bok-do-teczki","status":"publish","type":"page","link":"https:\/\/komplast.pl\/index.php\/oferta\/bok-do-teczki\/","title":{"rendered":"Bok do teczki"},"content":{"rendered":"<div class=\"flexbox\" itemscope itemtype=\"http:\/\/schema.org\/Product\">\r\n  <div class=\"fortyleft\">\r\n    <h1 class=\"centered\" itemprop=\"name\">BOK DO TECZKI<\/h1>\r\n    <hr>\r\n    <span itemprop=\"description\">Plastikowe listwy boczne do teczki tekturowej.<\/span>\r\n    <hr>\r\n    <span itemprop=\"offers\" itemscope itemtype=\"http:\/\/schema.org\/Offer\">Ceny ustalane s\u0105 indywidualnie.<\/span>\r\n    <hr>\r\n  <\/div>\r\n  <div class=\"sixtyright\">\r\n    <div id=\"bokteczki\" class=\"cssfader fade2\" style=\"position: relative; line-height:0; padding-bottom: 66.67%; overflow: hidden\" itemprop='image' itemscope itemtype='http:\/\/schema.org\/ImageObject'>\r\n      <a aria-label=\"Bok teczki\" href=\"#img1\"><p style=\"color: black\" class=\"lb-look lb-thumb\">&#x26B2;<\/p><\/a>\r\n      <picture>\r\n        <source srcSet=\"https:\/\/komplast.pl\/wp-content\/uploads\/2019\/10\/8a-Boczki-do-teczki-z-tektury.webp\" type=\"image\/webp\" \/>\r\n        <source srcSet=\"https:\/\/komplast.pl\/wp-content\/uploads\/2019\/06\/8a-Boczki-do-teczki-z-tektury.jpg\" type=\"image\/jpeg\" \/>\r\n        <img decoding=\"async\" id=\"sl1\" src=\"https:\/\/komplast.pl\/wp-content\/uploads\/2019\/06\/8a-Boczki-do-teczki-z-tektury.jpg\" alt=\"Cztery boki plastikowe do teczek tekturowych w trzech wariantach kolorystycznych: zielonym, czerwonym i granatowym\" \/>\r\n      <\/picture>\r\n      <link itemprop='url' href='https:\/\/komplast.pl\/wp-content\/uploads\/2019\/10\/8a-Boczki-do-teczki-z-tektury.webp' \/>\r\n      <picture>\r\n        <source srcSet=\"https:\/\/komplast.pl\/wp-content\/uploads\/2019\/10\/8b-Plastikowe-boki-do-teczki-na-dokumenty.webp\" type=\"image\/webp\" \/>\r\n        <source srcSet=\"https:\/\/komplast.pl\/wp-content\/uploads\/2019\/06\/8b-Plastikowe-boki-do-teczki-na-dokumenty.jpg\" type=\"image\/jpeg\" \/>\r\n        <img decoding=\"async\" id=\"sl2\" src=\"https:\/\/komplast.pl\/wp-content\/uploads\/2019\/06\/8b-Plastikowe-boki-do-teczki-na-dokumenty.jpg\" alt=\"Czarny bok plastikowy zainstalowany na przyk\u0142adowej teczce tekturowej\" \/>\r\n      <\/picture>      \r\n    <\/div>\r\n  <\/div>\r\n<\/div>\r\n\r\n<p class=\"fullwidth safety\">Bezpiecze\u0144stwo: \r\n\r\n    <br>Produkt przeznaczony jest dla producent\u00f3w tekturowych teczek i walizeczek reklamowych. <br>Produktu nale\u017cy u\u017cywa\u0107 zgodnie z jego przeznaczeniem. \r\n\r\n    <br>Przed ka\u017cdym zastosowaniem u\u017cytkownik powinien upewni\u0107 si\u0119 czy bok do teczki nie jest uszkodzony. Je\u015bli jest uszkodzony nale\u017cy wyrzuci\u0107 go do pojemnika na odpady plastikowe. \r\n\r\n    <br>Boki do teczek wyprodukowane s\u0105 z wysokiej jako\u015bci poliamidu, kt\u00f3ry jest bezpieczny dla u\u017cytkownik\u00f3w.  \r\n\r\n    <br>Boki do teczek zaprojektowane s\u0105 tak, aby ich g\u0142adka powierzchnia i zaokr\u0105glone kraw\u0119dzie zapewnia\u0142y komfort i bezpiecze\u0144stwo podczas jego u\u017cytkowania. \r\n\r\n    <br>Produkt jest zgodny z maj\u0105cymi zastosowanie przepisami prawa Unii Europejskiej w szczeg\u00f3lno\u015bci z przepisami rozporz\u0105dzenia 2023\/988 w sprawie og\u00f3lnego bezpiecze\u0144stwa produkt\u00f3w. Produkt posiada dokumentacj\u0119 zgodn\u0105 z GPSR.  \r\n\r\n    <br>Produkt posiada numer partii w postaci oznaczenia numerycznego, sk\u0142adaj\u0105cego si\u0119 z 3 lub 4 cyfr na opakowaniu, umo\u017cliwiaj\u0105cy \u0142atw\u0105 identyfikacj\u0119.<\/p>\r\n\r\n  <div class=\"lbox\" id=\"img1\">\r\n     <center><div class=\"lb-screen\">\r\n        <picture>\r\n           <source media=\"(min-width: 700px)\" srcSet=\"https:\/\/komplast.pl\/wp-content\/uploads\/2019\/10\/8aXL.webp, https:\/\/komplast.pl\/wp-content\/uploads\/2019\/08\/8aXL.jpg\" \/>\r\n           <source media=\"(min-width: 400px)\" srcSet=\"https:\/\/komplast.pl\/wp-content\/uploads\/2019\/10\/8a-Boczki-do-teczki-z-tektury.webp, https:\/\/komplast.pl\/wp-content\/uploads\/2019\/06\/8a-Boczki-do-teczki-z-tektury.jpg\" \/>\r\n           <img decoding=\"async\" role=\"presentation\" class=\"lb-pic lbpic-ortho\" src=\"https:\/\/komplast.pl\/wp-content\/uploads\/2019\/06\/8a-Boczki-do-teczki-z-tektury.jpg\">\r\n         <\/picture>\r\n      <\/div><\/center>\r\n      <div class=\"lb-dash vertimid\" style=\"display: block; text-align: center; margin: 0.5 auto\">  \r\n        <div class=\"lb-btn lb-prev\"><a href=\"#img2\">&#x2B05;<\/a><\/div>\r\n        <div class=\"lb-btn lb-next\"><a href=\"#img2\">&#x2B05;<\/a><\/div>\r\n      <\/div>\r\n  <\/div> \r\n\r\n  <div class=\"lbox\" id=\"img2\">\r\n     <center><div class=\"lb-screen\">\r\n        <picture>\r\n           <source media=\"(min-width: 700px)\" srcSet=\"https:\/\/komplast.pl\/wp-content\/uploads\/2019\/10\/8bXL.webp, https:\/\/komplast.pl\/wp-content\/uploads\/2019\/08\/8bXL.jpg\" \/>\r\n           <source media=\"(min-width: 400px)\" srcSet=\"https:\/\/komplast.pl\/wp-content\/uploads\/2019\/10\/8b-Plastikowe-boki-do-teczki-na-dokumenty.webp, https:\/\/komplast.pl\/wp-content\/uploads\/2019\/06\/8b-Plastikowe-boki-do-teczki-na-dokumenty.jpg\" \/>\r\n           <img decoding=\"async\" role=\"presentation\" class=\"lb-pic lbpic-ortho\" src=\"https:\/\/komplast.pl\/wp-content\/uploads\/2019\/06\/8b-Plastikowe-boki-do-teczki-na-dokumenty.jpg\">\r\n         <\/picture>\r\n      <\/div><\/center>\r\n      <div class=\"lb-dash vertimid\" style=\"display: block; text-align: center; margin: 0.5 auto\">  \r\n        <div class=\"lb-btn lb-prev\"><a href=\"#img1\">&#x2B05;<\/a><\/div>\r\n        <div class=\"lb-btn lb-next\"><a href=\"#img1\">&#x2B05;<\/a><\/div> \r\n      <\/div>\r\n  <\/div> \r\n\r\n<div class=\"semiopaque\">\r\n  <a href=\"#_\" class=\"btn-close\">\u2716<\/a>\r\n  <div style=\"position: fixed; left: 0; bottom: 0; height: 60px; width: 100%; opacity: inherit\">\r\n    <div class=\"lb-dash vertimid\" style=\"display: block; text-align: center; margin: 0.5 auto\">  \r\n     <p class=\"lb-btn lb-prev\">&#x2B05;<\/p>\r\n     <p class=\"lb-caption\" style=\"width: 100%\">Bok teczki<\/p>\r\n     <p class=\"lb-btn lb-next\">&#x2B05;<\/p> \r\n    <\/div>\r\n  <\/div>\r\n<\/div>\r\n","protected":false},"excerpt":{"rendered":"<p>BOK DO TECZKI Plastikowe listwy boczne do teczki tekturowej. Ceny ustalane s\u0105 indywidualnie. &#x26B2; Bezpiecze\u0144stwo: Produkt przeznaczony jest dla producent\u00f3w tekturowych teczek i walizeczek reklamowych. Produktu nale\u017cy u\u017cywa\u0107 zgodnie z jego przeznaczeniem. Przed ka\u017cdym zastosowaniem u\u017cytkownik powinien upewni\u0107 si\u0119 czy &hellip; <a href=\"https:\/\/komplast.pl\/index.php\/oferta\/bok-do-teczki\/\">Continue reading <span class=\"meta-nav\">&rarr;<\/span><\/a><\/p>\n","protected":false},"author":1,"featured_media":0,"parent":44,"menu_order":0,"comment_status":"closed","ping_status":"closed","template":"","meta":{"inline_featured_image":false},"yoast_head":"<!-- This site is optimized with the Yoast SEO plugin v20.1 - https:\/\/yoast.com\/wordpress\/plugins\/seo\/ -->\n<title>Bok do teczki | Przetw\u00f3rstwo Tworzyw Sztucznych KOMPLAST<\/title>\n<meta name=\"robots\" content=\"index, follow, max-snippet:-1, max-image-preview:large, max-video-preview:-1\" \/>\n<link rel=\"canonical\" href=\"https:\/\/komplast.pl\/index.php\/oferta\/bok-do-teczki\/\" \/>\n<meta property=\"og:locale\" content=\"pl_PL\" \/>\n<meta property=\"og:type\" content=\"article\" \/>\n<meta property=\"og:title\" content=\"Bok do teczki | Przetw\u00f3rstwo Tworzyw Sztucznych KOMPLAST\" \/>\n<meta property=\"og:description\" content=\"BOK DO TECZKI Plastikowe listwy boczne do teczki tekturowej. Ceny ustalane s\u0105 indywidualnie. &#x26B2; Bezpiecze\u0144stwo: Produkt przeznaczony jest dla producent\u00f3w tekturowych teczek i walizeczek reklamowych. Produktu nale\u017cy u\u017cywa\u0107 zgodnie z jego przeznaczeniem. Przed ka\u017cdym zastosowaniem u\u017cytkownik powinien upewni\u0107 si\u0119 czy &hellip; Continue reading &rarr;\" \/>\n<meta property=\"og:url\" content=\"https:\/\/komplast.pl\/index.php\/oferta\/bok-do-teczki\/\" \/>\n<meta property=\"og:site_name\" content=\"Przetw\u00f3rstwo Tworzyw Sztucznych KOMPLAST\" \/>\n<meta property=\"article:modified_time\" content=\"2025-01-08T13:58:16+00:00\" \/>\n<meta property=\"og:image\" content=\"https:\/\/komplast.pl\/wp-content\/uploads\/2019\/06\/8a-Boczki-do-teczki-z-tektury.jpg\" \/>\n<meta name=\"twitter:card\" content=\"summary_large_image\" \/>\n<meta name=\"twitter:label1\" content=\"Szacowany czas czytania\" \/>\n\t<meta name=\"twitter:data1\" content=\"1 minuta\" \/>\n<script type=\"application\/ld+json\" class=\"yoast-schema-graph\">{\"@context\":\"https:\/\/schema.org\",\"@graph\":[{\"@type\":\"WebPage\",\"@id\":\"https:\/\/komplast.pl\/index.php\/oferta\/bok-do-teczki\/\",\"url\":\"https:\/\/komplast.pl\/index.php\/oferta\/bok-do-teczki\/\",\"name\":\"Bok do teczki | Przetw\u00f3rstwo Tworzyw Sztucznych KOMPLAST\",\"isPartOf\":{\"@id\":\"https:\/\/komplast.pl\/#website\"},\"datePublished\":\"2019-02-02T10:12:49+00:00\",\"dateModified\":\"2025-01-08T13:58:16+00:00\",\"breadcrumb\":{\"@id\":\"https:\/\/komplast.pl\/index.php\/oferta\/bok-do-teczki\/#breadcrumb\"},\"inLanguage\":\"pl-PL\",\"potentialAction\":[{\"@type\":\"ReadAction\",\"target\":[\"https:\/\/komplast.pl\/index.php\/oferta\/bok-do-teczki\/\"]}]},{\"@type\":\"BreadcrumbList\",\"@id\":\"https:\/\/komplast.pl\/index.php\/oferta\/bok-do-teczki\/#breadcrumb\",\"itemListElement\":[{\"@type\":\"ListItem\",\"position\":1,\"name\":\"Strona g\u0142\u00f3wna\",\"item\":\"https:\/\/komplast.pl\/\"},{\"@type\":\"ListItem\",\"position\":2,\"name\":\"OFERTA\",\"item\":\"https:\/\/komplast.pl\/index.php\/oferta\/\"},{\"@type\":\"ListItem\",\"position\":3,\"name\":\"Bok do teczki\"}]},{\"@type\":\"WebSite\",\"@id\":\"https:\/\/komplast.pl\/#website\",\"url\":\"https:\/\/komplast.pl\/\",\"name\":\"Przetw\u00f3rstwo Tworzyw Sztucznych KOMPLAST\",\"description\":\"Zapinki do pomidor\u00f3w oraz inne detale z tworzyw sztucznych\",\"publisher\":{\"@id\":\"https:\/\/komplast.pl\/#organization\"},\"potentialAction\":[{\"@type\":\"SearchAction\",\"target\":{\"@type\":\"EntryPoint\",\"urlTemplate\":\"https:\/\/komplast.pl\/?s={search_term_string}\"},\"query-input\":\"required name=search_term_string\"}],\"inLanguage\":\"pl-PL\"},{\"@type\":\"Organization\",\"@id\":\"https:\/\/komplast.pl\/#organization\",\"name\":\"Przetw\u00f3rstwo Tworzyw Sztucznych KOMPLAST\",\"url\":\"https:\/\/komplast.pl\/\",\"logo\":{\"@type\":\"ImageObject\",\"inLanguage\":\"pl-PL\",\"@id\":\"https:\/\/komplast.pl\/#\/schema\/logo\/image\/\",\"url\":\"https:\/\/komplast.pl\/wp-content\/uploads\/2019\/03\/Klogo.svg\",\"contentUrl\":\"https:\/\/komplast.pl\/wp-content\/uploads\/2019\/03\/Klogo.svg\",\"width\":1,\"height\":1,\"caption\":\"Przetw\u00f3rstwo Tworzyw Sztucznych KOMPLAST\"},\"image\":{\"@id\":\"https:\/\/komplast.pl\/#\/schema\/logo\/image\/\"}}]}<\/script>\n<!-- \/ Yoast SEO plugin. -->","yoast_head_json":{"title":"Bok do teczki | Przetw\u00f3rstwo Tworzyw Sztucznych KOMPLAST","robots":{"index":"index","follow":"follow","max-snippet":"max-snippet:-1","max-image-preview":"max-image-preview:large","max-video-preview":"max-video-preview:-1"},"canonical":"https:\/\/komplast.pl\/index.php\/oferta\/bok-do-teczki\/","og_locale":"pl_PL","og_type":"article","og_title":"Bok do teczki | Przetw\u00f3rstwo Tworzyw Sztucznych KOMPLAST","og_description":"BOK DO TECZKI Plastikowe listwy boczne do teczki tekturowej. Ceny ustalane s\u0105 indywidualnie. &#x26B2; Bezpiecze\u0144stwo: Produkt przeznaczony jest dla producent\u00f3w tekturowych teczek i walizeczek reklamowych. Produktu nale\u017cy u\u017cywa\u0107 zgodnie z jego przeznaczeniem. Przed ka\u017cdym zastosowaniem u\u017cytkownik powinien upewni\u0107 si\u0119 czy &hellip; Continue reading &rarr;","og_url":"https:\/\/komplast.pl\/index.php\/oferta\/bok-do-teczki\/","og_site_name":"Przetw\u00f3rstwo Tworzyw Sztucznych KOMPLAST","article_modified_time":"2025-01-08T13:58:16+00:00","og_image":[{"url":"https:\/\/komplast.pl\/wp-content\/uploads\/2019\/06\/8a-Boczki-do-teczki-z-tektury.jpg"}],"twitter_card":"summary_large_image","twitter_misc":{"Szacowany czas czytania":"1 minuta"},"schema":{"@context":"https:\/\/schema.org","@graph":[{"@type":"WebPage","@id":"https:\/\/komplast.pl\/index.php\/oferta\/bok-do-teczki\/","url":"https:\/\/komplast.pl\/index.php\/oferta\/bok-do-teczki\/","name":"Bok do teczki | Przetw\u00f3rstwo Tworzyw Sztucznych KOMPLAST","isPartOf":{"@id":"https:\/\/komplast.pl\/#website"},"datePublished":"2019-02-02T10:12:49+00:00","dateModified":"2025-01-08T13:58:16+00:00","breadcrumb":{"@id":"https:\/\/komplast.pl\/index.php\/oferta\/bok-do-teczki\/#breadcrumb"},"inLanguage":"pl-PL","potentialAction":[{"@type":"ReadAction","target":["https:\/\/komplast.pl\/index.php\/oferta\/bok-do-teczki\/"]}]},{"@type":"BreadcrumbList","@id":"https:\/\/komplast.pl\/index.php\/oferta\/bok-do-teczki\/#breadcrumb","itemListElement":[{"@type":"ListItem","position":1,"name":"Strona g\u0142\u00f3wna","item":"https:\/\/komplast.pl\/"},{"@type":"ListItem","position":2,"name":"OFERTA","item":"https:\/\/komplast.pl\/index.php\/oferta\/"},{"@type":"ListItem","position":3,"name":"Bok do teczki"}]},{"@type":"WebSite","@id":"https:\/\/komplast.pl\/#website","url":"https:\/\/komplast.pl\/","name":"Przetw\u00f3rstwo Tworzyw Sztucznych KOMPLAST","description":"Zapinki do pomidor\u00f3w oraz inne detale z tworzyw sztucznych","publisher":{"@id":"https:\/\/komplast.pl\/#organization"},"potentialAction":[{"@type":"SearchAction","target":{"@type":"EntryPoint","urlTemplate":"https:\/\/komplast.pl\/?s={search_term_string}"},"query-input":"required name=search_term_string"}],"inLanguage":"pl-PL"},{"@type":"Organization","@id":"https:\/\/komplast.pl\/#organization","name":"Przetw\u00f3rstwo Tworzyw Sztucznych KOMPLAST","url":"https:\/\/komplast.pl\/","logo":{"@type":"ImageObject","inLanguage":"pl-PL","@id":"https:\/\/komplast.pl\/#\/schema\/logo\/image\/","url":"https:\/\/komplast.pl\/wp-content\/uploads\/2019\/03\/Klogo.svg","contentUrl":"https:\/\/komplast.pl\/wp-content\/uploads\/2019\/03\/Klogo.svg","width":1,"height":1,"caption":"Przetw\u00f3rstwo Tworzyw Sztucznych KOMPLAST"},"image":{"@id":"https:\/\/komplast.pl\/#\/schema\/logo\/image\/"}}]}},"_links":{"self":[{"href":"https:\/\/komplast.pl\/index.php\/wp-json\/wp\/v2\/pages\/72"}],"collection":[{"href":"https:\/\/komplast.pl\/index.php\/wp-json\/wp\/v2\/pages"}],"about":[{"href":"https:\/\/komplast.pl\/index.php\/wp-json\/wp\/v2\/types\/page"}],"author":[{"embeddable":true,"href":"https:\/\/komplast.pl\/index.php\/wp-json\/wp\/v2\/users\/1"}],"replies":[{"embeddable":true,"href":"https:\/\/komplast.pl\/index.php\/wp-json\/wp\/v2\/comments?post=72"}],"version-history":[{"count":34,"href":"https:\/\/komplast.pl\/index.php\/wp-json\/wp\/v2\/pages\/72\/revisions"}],"predecessor-version":[{"id":2928,"href":"https:\/\/komplast.pl\/index.php\/wp-json\/wp\/v2\/pages\/72\/revisions\/2928"}],"up":[{"embeddable":true,"href":"https:\/\/komplast.pl\/index.php\/wp-json\/wp\/v2\/pages\/44"}],"wp:attachment":[{"href":"https:\/\/komplast.pl\/index.php\/wp-json\/wp\/v2\/media?parent=72"}],"curies":[{"name":"wp","href":"https:\/\/api.w.org\/{rel}","templated":true}]}}