{"id":66,"date":"2019-02-02T11:06:27","date_gmt":"2019-02-02T10:06:27","guid":{"rendered":"http:\/\/komplast.pl\/?page_id=66"},"modified":"2025-01-08T14:59:32","modified_gmt":"2025-01-08T13:59:32","slug":"zapachy-do-samochodu","status":"publish","type":"page","link":"https:\/\/komplast.pl\/index.php\/oferta\/zapachy-do-samochodu\/","title":{"rendered":"Zapachy do samochodu"},"content":{"rendered":"<div class=\"flexbox\">\r\n  <div class=\"fortyleft\">\r\n    <h1 class=\"centered\">ZAPACHY DO SAMOCHODU<\/h1>\r\n    <hr>\r\n    Obudowy do zapach\u00f3w samochodowych\r\n    <hr>\r\n    Przyk\u0142adowe realizacje na zam\u00f3wienie <a href=\"http:\/\/realfresh.eu\/\" target=\"_blank\" rel=\"noopener noreferrer\">REAL FRESH<\/a>. Wzory poza ofert\u0105.\r\n    <hr>\r\n  <\/div>\r\n  <div class=\"sixtyright\">\r\n    <div id=\"zapachy\"  class=\"cssfader fade2\" style=\"position: relative; line-height:0; padding-bottom: 100%; overflow: hidden\">\r\n      <a aria-label=\"Zapachy do auta\" href=\"#img1\"><p style=\"color: gray\" class=\"lb-look lb-thumb\">&#x26B2;<\/p><\/a>\r\n      <picture>\r\n        <source srcSet=\"https:\/\/komplast.pl\/wp-content\/uploads\/2019\/10\/5a-Obudowy-do-zapachow-samochodowych.webp\" type=\"image\/webp\" \/>\r\n        <source srcSet=\"https:\/\/komplast.pl\/wp-content\/uploads\/2019\/06\/5a-Obudowy-do-zapachow-samochodowych.jpg\" type=\"image\/jpeg\" \/>\r\n        <img decoding=\"async\" id=\"sl1\" src=\"https:\/\/komplast.pl\/wp-content\/uploads\/2019\/06\/5a-Obudowy-do-zapachow-samochodowych.jpg\" alt=\"Prezentacja r\u00f3\u017cnych modeli zapach\u00f3d samochodowych firmy REAL FRESH z obudowami plastikowymi naszej produkcji\" \/>\r\n      <\/picture>\r\n      <picture>\r\n        <source srcSet=\"https:\/\/komplast.pl\/wp-content\/uploads\/2019\/10\/5b-Obudowa-do-zapachu-samochodowego.webp\" type=\"image\/webp\" \/>\r\n        <source srcSet=\"https:\/\/komplast.pl\/wp-content\/uploads\/2019\/06\/5b-Obudowa-do-zapachu-samochodowego.jpg\" type=\"image\/jpeg\" \/>\r\n        <img decoding=\"async\" id=\"sl2\" src=\"https:\/\/komplast.pl\/wp-content\/uploads\/2019\/06\/5b-Obudowa-do-zapachu-samochodowego.jpg\" alt=\"Przyk\u0142adowy zapach\u00f3d samochodowy firmy REAL FRESH w plastikowej obudowie naszej produkcji\" \/>\r\n      <\/picture>      \r\n    <\/div>\r\n  <\/div>\r\n<\/div>\r\n\r\n  <div class=\"lbox\" id=\"img1\">\r\n     <center><div class=\"lb-screen\">\r\n         <picture>\r\n           <source media=\"(min-width: 700px)\" srcSet=\"https:\/\/komplast.pl\/wp-content\/uploads\/2019\/10\/5aXL.webp, https:\/\/komplast.pl\/wp-content\/uploads\/2019\/08\/5aXL.jpg\" type=\"image\/webp; image\/jpg\" \/>\r\n           <source media=\"(min-width: 400px)\" srcSet=\"https:\/\/komplast.pl\/wp-content\/uploads\/2019\/10\/5a-Obudowy-do-zapachow-samochodowych.webp, https:\/\/komplast.pl\/wp-content\/uploads\/2019\/06\/5a-Obudowy-do-zapachow-samochodowych.jpg\" type=\"image\/webp; image\/jpg\" \/>\r\n           <img decoding=\"async\" role=\"presentation\" class=\"lb-pic lbpic-ortho\" src=\"https:\/\/komplast.pl\/wp-content\/uploads\/2019\/08\/5aXL.jpg\">\r\n         <\/picture>\r\n      <\/div><\/center>\r\n      <div class=\"lb-dash vertimid\" style=\"display: block; text-align: center; margin: 0.5 auto\">  \r\n        <div class=\"lb-btn lb-prev\"><a href=\"#img2\">&#x2B05;<\/a><\/div>\r\n        <div class=\"lb-btn lb-next\"><a href=\"#img2\">&#x2B05;<\/a><\/div> \r\n      <\/div>\r\n  <\/div> \r\n\r\n  <div class=\"lbox\" id=\"img2\">\r\n     <center><div class=\"lb-screen\">\r\n        <picture>\r\n           <source media=\"(min-width: 700px)\" srcSet=\"https:\/\/komplast.pl\/wp-content\/uploads\/2019\/10\/5bXL.webp, https:\/\/komplast.pl\/wp-content\/uploads\/2019\/08\/5bXL.jpg\" type=\"image\/webp; image\/jpg\" \/>\r\n           <source media=\"(min-width: 400px)\" srcSet=\"https:\/\/komplast.pl\/wp-content\/uploads\/2019\/10\/5b-Obudowa-do-zapachu-samochodowego.webp, https:\/\/komplast.pl\/wp-content\/uploads\/2019\/06\/5b-Obudowa-do-zapachu-samochodowego.jpg\" type=\"image\/webp; image\/jpg\" \/>\r\n           <img decoding=\"async\" role=\"presentation\" class=\"lb-pic lbpic-square\" src=\"https:\/\/komplast.pl\/wp-content\/uploads\/2019\/08\/5bXL.jpg\">\r\n         <\/picture>\r\n      <\/div><\/center>\r\n      <div class=\"lb-dash vertimid\" style=\"display: block; text-align: center; margin: 0.5 auto\">  \r\n        <div class=\"lb-btn lb-prev\"><a href=\"#img1\">&#x2B05;<\/a><\/div>\r\n        <div class=\"lb-btn lb-next\"><a href=\"#img1\">&#x2B05;<\/a><\/div> \r\n      <\/div>\r\n  <\/div> \r\n\r\n<div class=\"semiopaque\">\r\n       <a href=\"#_\" class=\"btn-close\">\u2716<\/a>\r\n  <div style=\"position: fixed; left: 0; bottom: 0; height: 60px; width: 100%; opacity: inherit\">\r\n    <div class=\"lb-dash vertimid\" style=\"display: block; text-align: center; margin: 0.5 auto\">  \r\n     <p class=\"lb-btn lb-prev\">&#x2B05;<\/p>\r\n     <p class=\"lb-caption\" style=\"width: 100%\">Zapachy do samochodu<\/p>\r\n     <p class=\"lb-btn lb-next\">&#x2B05;<\/p> \r\n    <\/div>\r\n  <\/div>\r\n<\/div>\r\n","protected":false},"excerpt":{"rendered":"<p>ZAPACHY DO SAMOCHODU Obudowy do zapach\u00f3w samochodowych Przyk\u0142adowe realizacje na zam\u00f3wienie REAL FRESH. Wzory poza ofert\u0105. &#x26B2; &#x2B05; &#x2B05; &#x2B05; &#x2B05; \u2716 &#x2B05; Zapachy do samochodu &#x2B05;<\/p>\n","protected":false},"author":1,"featured_media":0,"parent":44,"menu_order":0,"comment_status":"closed","ping_status":"closed","template":"","meta":{"inline_featured_image":false},"yoast_head":"<!-- This site is optimized with the Yoast SEO plugin v20.1 - https:\/\/yoast.com\/wordpress\/plugins\/seo\/ -->\n<title>Zapachy do samochodu | Przetw\u00f3rstwo Tworzyw Sztucznych KOMPLAST<\/title>\n<meta name=\"robots\" content=\"index, follow, max-snippet:-1, max-image-preview:large, max-video-preview:-1\" \/>\n<link rel=\"canonical\" href=\"https:\/\/komplast.pl\/index.php\/oferta\/zapachy-do-samochodu\/\" \/>\n<meta property=\"og:locale\" content=\"pl_PL\" \/>\n<meta property=\"og:type\" content=\"article\" \/>\n<meta property=\"og:title\" content=\"Zapachy do samochodu | Przetw\u00f3rstwo Tworzyw Sztucznych KOMPLAST\" \/>\n<meta property=\"og:description\" content=\"ZAPACHY DO SAMOCHODU Obudowy do zapach\u00f3w samochodowych Przyk\u0142adowe realizacje na zam\u00f3wienie REAL FRESH. Wzory poza ofert\u0105. &#x26B2; &#x2B05; &#x2B05; &#x2B05; &#x2B05; \u2716 &#x2B05; Zapachy do samochodu &#x2B05;\" \/>\n<meta property=\"og:url\" content=\"https:\/\/komplast.pl\/index.php\/oferta\/zapachy-do-samochodu\/\" \/>\n<meta property=\"og:site_name\" content=\"Przetw\u00f3rstwo Tworzyw Sztucznych KOMPLAST\" \/>\n<meta property=\"article:modified_time\" content=\"2025-01-08T13:59:32+00:00\" \/>\n<meta property=\"og:image\" content=\"https:\/\/komplast.pl\/wp-content\/uploads\/2019\/06\/5a-Obudowy-do-zapachow-samochodowych.jpg\" \/>\n<meta name=\"twitter:card\" content=\"summary_large_image\" \/>\n<script type=\"application\/ld+json\" class=\"yoast-schema-graph\">{\"@context\":\"https:\/\/schema.org\",\"@graph\":[{\"@type\":\"WebPage\",\"@id\":\"https:\/\/komplast.pl\/index.php\/oferta\/zapachy-do-samochodu\/\",\"url\":\"https:\/\/komplast.pl\/index.php\/oferta\/zapachy-do-samochodu\/\",\"name\":\"Zapachy do samochodu | Przetw\u00f3rstwo Tworzyw Sztucznych KOMPLAST\",\"isPartOf\":{\"@id\":\"https:\/\/komplast.pl\/#website\"},\"datePublished\":\"2019-02-02T10:06:27+00:00\",\"dateModified\":\"2025-01-08T13:59:32+00:00\",\"breadcrumb\":{\"@id\":\"https:\/\/komplast.pl\/index.php\/oferta\/zapachy-do-samochodu\/#breadcrumb\"},\"inLanguage\":\"pl-PL\",\"potentialAction\":[{\"@type\":\"ReadAction\",\"target\":[\"https:\/\/komplast.pl\/index.php\/oferta\/zapachy-do-samochodu\/\"]}]},{\"@type\":\"BreadcrumbList\",\"@id\":\"https:\/\/komplast.pl\/index.php\/oferta\/zapachy-do-samochodu\/#breadcrumb\",\"itemListElement\":[{\"@type\":\"ListItem\",\"position\":1,\"name\":\"Strona g\u0142\u00f3wna\",\"item\":\"https:\/\/komplast.pl\/\"},{\"@type\":\"ListItem\",\"position\":2,\"name\":\"OFERTA\",\"item\":\"https:\/\/komplast.pl\/index.php\/oferta\/\"},{\"@type\":\"ListItem\",\"position\":3,\"name\":\"Zapachy do samochodu\"}]},{\"@type\":\"WebSite\",\"@id\":\"https:\/\/komplast.pl\/#website\",\"url\":\"https:\/\/komplast.pl\/\",\"name\":\"Przetw\u00f3rstwo Tworzyw Sztucznych KOMPLAST\",\"description\":\"Zapinki do pomidor\u00f3w oraz inne detale z tworzyw sztucznych\",\"publisher\":{\"@id\":\"https:\/\/komplast.pl\/#organization\"},\"potentialAction\":[{\"@type\":\"SearchAction\",\"target\":{\"@type\":\"EntryPoint\",\"urlTemplate\":\"https:\/\/komplast.pl\/?s={search_term_string}\"},\"query-input\":\"required name=search_term_string\"}],\"inLanguage\":\"pl-PL\"},{\"@type\":\"Organization\",\"@id\":\"https:\/\/komplast.pl\/#organization\",\"name\":\"Przetw\u00f3rstwo Tworzyw Sztucznych KOMPLAST\",\"url\":\"https:\/\/komplast.pl\/\",\"logo\":{\"@type\":\"ImageObject\",\"inLanguage\":\"pl-PL\",\"@id\":\"https:\/\/komplast.pl\/#\/schema\/logo\/image\/\",\"url\":\"https:\/\/komplast.pl\/wp-content\/uploads\/2019\/03\/Klogo.svg\",\"contentUrl\":\"https:\/\/komplast.pl\/wp-content\/uploads\/2019\/03\/Klogo.svg\",\"width\":1,\"height\":1,\"caption\":\"Przetw\u00f3rstwo Tworzyw Sztucznych KOMPLAST\"},\"image\":{\"@id\":\"https:\/\/komplast.pl\/#\/schema\/logo\/image\/\"}}]}<\/script>\n<!-- \/ Yoast SEO plugin. -->","yoast_head_json":{"title":"Zapachy do samochodu | Przetw\u00f3rstwo Tworzyw Sztucznych KOMPLAST","robots":{"index":"index","follow":"follow","max-snippet":"max-snippet:-1","max-image-preview":"max-image-preview:large","max-video-preview":"max-video-preview:-1"},"canonical":"https:\/\/komplast.pl\/index.php\/oferta\/zapachy-do-samochodu\/","og_locale":"pl_PL","og_type":"article","og_title":"Zapachy do samochodu | Przetw\u00f3rstwo Tworzyw Sztucznych KOMPLAST","og_description":"ZAPACHY DO SAMOCHODU Obudowy do zapach\u00f3w samochodowych Przyk\u0142adowe realizacje na zam\u00f3wienie REAL FRESH. Wzory poza ofert\u0105. &#x26B2; &#x2B05; &#x2B05; &#x2B05; &#x2B05; \u2716 &#x2B05; Zapachy do samochodu &#x2B05;","og_url":"https:\/\/komplast.pl\/index.php\/oferta\/zapachy-do-samochodu\/","og_site_name":"Przetw\u00f3rstwo Tworzyw Sztucznych KOMPLAST","article_modified_time":"2025-01-08T13:59:32+00:00","og_image":[{"url":"https:\/\/komplast.pl\/wp-content\/uploads\/2019\/06\/5a-Obudowy-do-zapachow-samochodowych.jpg"}],"twitter_card":"summary_large_image","schema":{"@context":"https:\/\/schema.org","@graph":[{"@type":"WebPage","@id":"https:\/\/komplast.pl\/index.php\/oferta\/zapachy-do-samochodu\/","url":"https:\/\/komplast.pl\/index.php\/oferta\/zapachy-do-samochodu\/","name":"Zapachy do samochodu | Przetw\u00f3rstwo Tworzyw Sztucznych KOMPLAST","isPartOf":{"@id":"https:\/\/komplast.pl\/#website"},"datePublished":"2019-02-02T10:06:27+00:00","dateModified":"2025-01-08T13:59:32+00:00","breadcrumb":{"@id":"https:\/\/komplast.pl\/index.php\/oferta\/zapachy-do-samochodu\/#breadcrumb"},"inLanguage":"pl-PL","potentialAction":[{"@type":"ReadAction","target":["https:\/\/komplast.pl\/index.php\/oferta\/zapachy-do-samochodu\/"]}]},{"@type":"BreadcrumbList","@id":"https:\/\/komplast.pl\/index.php\/oferta\/zapachy-do-samochodu\/#breadcrumb","itemListElement":[{"@type":"ListItem","position":1,"name":"Strona g\u0142\u00f3wna","item":"https:\/\/komplast.pl\/"},{"@type":"ListItem","position":2,"name":"OFERTA","item":"https:\/\/komplast.pl\/index.php\/oferta\/"},{"@type":"ListItem","position":3,"name":"Zapachy do samochodu"}]},{"@type":"WebSite","@id":"https:\/\/komplast.pl\/#website","url":"https:\/\/komplast.pl\/","name":"Przetw\u00f3rstwo Tworzyw Sztucznych KOMPLAST","description":"Zapinki do pomidor\u00f3w oraz inne detale z tworzyw sztucznych","publisher":{"@id":"https:\/\/komplast.pl\/#organization"},"potentialAction":[{"@type":"SearchAction","target":{"@type":"EntryPoint","urlTemplate":"https:\/\/komplast.pl\/?s={search_term_string}"},"query-input":"required name=search_term_string"}],"inLanguage":"pl-PL"},{"@type":"Organization","@id":"https:\/\/komplast.pl\/#organization","name":"Przetw\u00f3rstwo Tworzyw Sztucznych KOMPLAST","url":"https:\/\/komplast.pl\/","logo":{"@type":"ImageObject","inLanguage":"pl-PL","@id":"https:\/\/komplast.pl\/#\/schema\/logo\/image\/","url":"https:\/\/komplast.pl\/wp-content\/uploads\/2019\/03\/Klogo.svg","contentUrl":"https:\/\/komplast.pl\/wp-content\/uploads\/2019\/03\/Klogo.svg","width":1,"height":1,"caption":"Przetw\u00f3rstwo Tworzyw Sztucznych KOMPLAST"},"image":{"@id":"https:\/\/komplast.pl\/#\/schema\/logo\/image\/"}}]}},"_links":{"self":[{"href":"https:\/\/komplast.pl\/index.php\/wp-json\/wp\/v2\/pages\/66"}],"collection":[{"href":"https:\/\/komplast.pl\/index.php\/wp-json\/wp\/v2\/pages"}],"about":[{"href":"https:\/\/komplast.pl\/index.php\/wp-json\/wp\/v2\/types\/page"}],"author":[{"embeddable":true,"href":"https:\/\/komplast.pl\/index.php\/wp-json\/wp\/v2\/users\/1"}],"replies":[{"embeddable":true,"href":"https:\/\/komplast.pl\/index.php\/wp-json\/wp\/v2\/comments?post=66"}],"version-history":[{"count":25,"href":"https:\/\/komplast.pl\/index.php\/wp-json\/wp\/v2\/pages\/66\/revisions"}],"predecessor-version":[{"id":1677,"href":"https:\/\/komplast.pl\/index.php\/wp-json\/wp\/v2\/pages\/66\/revisions\/1677"}],"up":[{"embeddable":true,"href":"https:\/\/komplast.pl\/index.php\/wp-json\/wp\/v2\/pages\/44"}],"wp:attachment":[{"href":"https:\/\/komplast.pl\/index.php\/wp-json\/wp\/v2\/media?parent=66"}],"curies":[{"name":"wp","href":"https:\/\/api.w.org\/{rel}","templated":true}]}}