{"id":62,"date":"2019-02-02T11:01:53","date_gmt":"2019-02-02T10:01:53","guid":{"rendered":"http:\/\/komplast.pl\/?page_id=62"},"modified":"2025-01-08T14:58:16","modified_gmt":"2025-01-08T13:58:16","slug":"czesci-do-wiatraczkow","status":"publish","type":"page","link":"https:\/\/komplast.pl\/index.php\/oferta\/czesci-do-wiatraczkow\/","title":{"rendered":"Cz\u0119\u015bci do wiatraczk\u00f3w"},"content":{"rendered":"<div class=\"flexbox\" itemscope itemtype=\"http:\/\/schema.org\/Product\">\r\n  <div class=\"fortyleft\">\r\n    <h1 class=\"centered\" itemprop=\"name\">PLASTIKOWE AKCESORIA <span class=\"nobr\">DO WIATRACZK\u00d3W<\/span><\/h1>\r\n    <hr>\r\n    <span itemprop=\"description\">Zestawy element\u00f3w plastikowych do wiatraczk\u00f3w reklamowych, dla dzieci czy dekoracji.<\/span><hr>\r\n    <span>Do monta\u017cu na patyczkach drewnianych o \u015brednicy 5 do 6mm<\/span>\r\n    <hr>\r\n    <span>Obecnie dost\u0119pny jedynie w kolorze bia\u0142ym.<\/span>\r\n    <hr>\r\n    <!-- <span itemprop=\"offers\" itemscope itemtype=\"http:\/\/schema.org\/Offer\">Cena:\u00a0<span itemprop=\"price\" content=\"0.14\">0,14<\/span> <span itemprop=\"priceCurrency\" content=\"PLN\">PLN<\/span> netto \/ 1 komplet<\/span>\r\n    Przy wi\u0119kszych zam\u00f3wieniach ceny ustalane indywidualnie.\r\n    <hr>-->\r\n    Opakowanie zawiera <span itemprop=\"TypeAndQuantityNode\" itemtype=\"https:\/\/schema.org\/TypeAndQuantityNode\"><span itemprop=\"amountOfThisGood\" content=\"1000\">1 000<\/span> <span itemprop=\"unitText\" content=\"sztuk\">komplet\u00f3w<\/span><\/span> zapakowanych osobno.\r\n    <hr>\r\n  <\/div>\r\n  <div class=\"sixtyright\">\r\n    <div id=\"wiatraczek\" class=\"cssfader fade2\" style=\"position: relative; line-height:0; padding-bottom: 100%; overflow: hidden\" itemprop='image' itemscope itemtype='http:\/\/schema.org\/ImageObject'>\r\n      <a aria-label=\"Cz\u0119\u015bci do wiatrak\u00f3w\" href=\"#img1\"><p style=\"color: black\" class=\"lb-look lb-thumb\">&#x26B2;<\/p><\/a>\r\n      <picture>\r\n        <source srcSet=\"https:\/\/komplast.pl\/wp-content\/uploads\/2019\/10\/3a-Plastikowe-czesci-do-wiatraczkow.webp\" type=\"image\/webp\" \/>\r\n        <source srcSet=\"https:\/\/komplast.pl\/wp-content\/uploads\/2019\/06\/3a-Plastikowe-czesci-do-wiatraczkow.jpg\" type=\"image\/jpeg\" \/>\r\n        <img decoding=\"async\" id=\"sl1\" src=\"https:\/\/komplast.pl\/wp-content\/uploads\/2019\/06\/3a-Plastikowe-czesci-do-wiatraczkow.jpg\" alt=\"Trzycz\u0119\u015bciowy, \u017c\u00f3\u0142tej barwy plastikowy mechanizm do wiatraczka, \u0142\u0105cz\u0105cy patyczek i wiatraczek\" \/>\r\n      <\/picture>\r\n      <link itemprop='url' href='https:\/\/komplast.pl\/wp-content\/uploads\/2019\/10\/3a-Plastikowe-czesci-do-wiatraczkow.webp' \/>\r\n      <picture>\r\n        <source srcSet=\"https:\/\/komplast.pl\/wp-content\/uploads\/2019\/10\/3b-Czesci-do-wiatraczka.webp\" type=\"image\/webp\" \/>\r\n        <source srcSet=\"https:\/\/komplast.pl\/wp-content\/uploads\/2019\/06\/3b-Wiatraczek.jpg\" type=\"image\/jpeg\" \/>\r\n        <img decoding=\"async\" id=\"sl2\" src=\"https:\/\/komplast.pl\/wp-content\/uploads\/2019\/06\/3b-Wiatraczek.jpg\" alt=\"Kr\u0119c\u0105cy si\u0119 dzieci\u0119cy wiatraczek-zabawka, z\u0142o\u017cony z plastikowego patyczka i plastikowego mechanizmu ruchomego\" \/>\r\n      <\/picture>\r\n      <link itemprop='url' href='https:\/\/komplast.pl\/wp-content\/uploads\/2019\/10\/3b-Czesci-do-wiatraczka.webp' \/>\r\n    <\/div>\r\n  <\/div>\r\n<\/div>\r\n\r\n<p class=\"fullwidth safety\">Bezpiecze\u0144stwo:  \r\n\r\n    <br>Produktu nale\u017cy u\u017cywa\u0107 zgodnie z jego przeznaczeniem. \r\n\r\n    <br>Produkt przeznaczony dla producent\u00f3w wiatraczk\u00f3w. \r\n\r\n    <br>Przed ka\u017cdym zastosowaniem u\u017cytkownik powinien upewni\u0107 si\u0119 czy elementy s\u0105 w komplecie i czy nie s\u0105 uszkodzone. Je\u015bli s\u0105 uszkodzone nale\u017cy wyrzuci\u0107 je do pojemnika na odpady plastikowe. \r\n\r\n    <br>Elementy do wiatraczk\u00f3w wyprodukowane s\u0105 z wysokiej jako\u015bci polipropylenu, kt\u00f3ry jest bierny chemicznie.  \r\n\r\n    <br>Elementy wiatraczka nie s\u0105 zabawk\u0105 i nie nale\u017cy udost\u0119pnia\u0107 ich dzieciom poni\u017cej 3 roku \u017cycia z uwagi na niewielkie elementy, kt\u00f3re po ewentualnym po\u0142kni\u0119ciu przez dziecko mog\u0142yby spowodowa\u0107 zablokowanie dr\u00f3g oddechowych a w konsekwencji uduszenie.  \r\n\r\n    <br>Elementy wiatraczk\u00f3w zaprojektowane s\u0105 tak, aby ich g\u0142adka powierzchnia i zaokr\u0105glone kraw\u0119dzie zapewnia\u0142y komfort i bezpiecze\u0144stwo podczas jego u\u017cytkowania. \r\n\r\n    <br>Produkt jest zgodny z maj\u0105cymi zastosowanie przepisami prawa Unii Europejskiej w szczeg\u00f3lno\u015bci z przepisami rozporz\u0105dzenia 2023\/988 w sprawie og\u00f3lnego bezpiecze\u0144stwa produkt\u00f3w. Produkt posiada dokumentacj\u0119 zgodn\u0105 z GPSR.  \r\n\r\n    <br>Produkt posiada numer partii w postaci oznaczenia numerycznego, sk\u0142adaj\u0105cego si\u0119 z 3 lub 4 cyfr na opakowaniu, umo\u017cliwiaj\u0105cy \u0142atw\u0105 identyfikacj\u0119.<\/p>\r\n\r\n  <div class=\"lbox\" id=\"img1\">\r\n     <center><div class=\"lb-screen\">\r\n        <picture>\r\n           <source media=\"(min-width: 700px)\" srcSet=\"https:\/\/komplast.pl\/wp-content\/uploads\/2019\/10\/3aXL.webp, https:\/\/komplast.pl\/wp-content\/uploads\/2019\/08\/3aXL.jpg\" type=\"image\/webp; image\/jpg\" \/>\r\n           <source media=\"(min-width: 400px)\" srcSet=\"https:\/\/komplast.pl\/wp-content\/uploads\/2019\/10\/3a-Plastikowe-czesci-do-wiatraczkow.webp, https:\/\/komplast.pl\/wp-content\/uploads\/2019\/06\/3a-Plastikowe-czesci-do-wiatraczkow.jpg\" type=\"image\/webp; image\/jpg\" \/>\r\n\r\n           <img decoding=\"async\" role=\"presentation\" class=\"lb-pic lbpic-ortho\" src=\"https:\/\/komplast.pl\/wp-content\/uploads\/2019\/08\/3aXL.jpg\">\r\n         <\/picture>\r\n      <\/div><\/center>\r\n      <div class=\"lb-dash vertimid\" style=\"display: block; text-align: center; margin: 0.5 auto\">  \r\n        <a href=\"#img2\" class=\"lb-btn lb-prev\">&#x2B05;<\/a>\r\n        <p class=\"lb-caption\"><\/p>\r\n        <a href=\"#img2\" class=\"lb-btn lb-next\">&#x2B05;<\/a> \r\n      <\/div>\r\n  <\/div> \r\n\r\n  <div class=\"lbox\" id=\"img2\">\r\n     <center><div class=\"lb-screen\">\r\n        <picture>\r\n           <source media=\"(min-width: 700px)\" srcSet=\"https:\/\/komplast.pl\/wp-content\/uploads\/2019\/10\/3bXL.webp, https:\/\/komplast.pl\/wp-content\/uploads\/2019\/08\/3bXL.jpg\" type=\"image\/webp; image\/jpg\" \/>\r\n           <source media=\"(min-width: 400px)\" srcSet=\"https:\/\/komplast.pl\/wp-content\/uploads\/2019\/10\/3b-Czesci-do-wiatraczka.webp, https:\/\/komplast.pl\/wp-content\/uploads\/2019\/06\/3b-Wiatraczek.jpg\" type=\"image\/webp; image\/jpg\" \/>\r\n\r\n           <img decoding=\"async\" role=\"presentation\" class=\"lb-pic lbpic-square\" src=\"https:\/\/komplast.pl\/wp-content\/uploads\/2019\/08\/3bXL.jpg\">\r\n         <\/picture>\r\n      <\/div><\/center>\r\n      <div class=\"lb-dash vertimid\" style=\"display: block; text-align: center; margin: 0.5 auto\">  \r\n        <a href=\"#img1\" class=\"lb-btn lb-prev\">&#x2B05;<\/a>\r\n        <p class=\"lb-caption\"><\/p>\r\n        <a href=\"#img1\" class=\"lb-btn lb-next\">&#x2B05;<\/a> \r\n      <\/div>\r\n  <\/div> \r\n\r\n<div class=\"semiopaque\">\r\n       <a href=\"#_\" class=\"btn-close\">\u2716<\/a>\r\n  <div style=\"position: fixed; left: 0; bottom: 0; height: 60px; width: 100%; opacity: inherit\">\r\n    <div class=\"lb-dash vertimid\" style=\"display: block; text-align: center; margin: 0.5 auto\">  \r\n     <p class=\"lb-btn lb-prev\">&#x2B05;<\/p>\r\n     <p class=\"lb-caption\" style=\"width: 100%\">Cz\u0119\u015bci do wiatraczka<\/p>\r\n     <p class=\"lb-btn lb-next\">&#x2B05;<\/p> \r\n    <\/div>\r\n  <\/div>\r\n<\/div>\r\n","protected":false},"excerpt":{"rendered":"<p>PLASTIKOWE AKCESORIA DO WIATRACZK\u00d3W Zestawy element\u00f3w plastikowych do wiatraczk\u00f3w reklamowych, dla dzieci czy dekoracji. Do monta\u017cu na patyczkach drewnianych o \u015brednicy 5 do 6mm Obecnie dost\u0119pny jedynie w kolorze bia\u0142ym. Opakowanie zawiera 1 000 komplet\u00f3w zapakowanych osobno. &#x26B2; Bezpiecze\u0144stwo: Produktu &hellip; <a href=\"https:\/\/komplast.pl\/index.php\/oferta\/czesci-do-wiatraczkow\/\">Continue reading <span class=\"meta-nav\">&rarr;<\/span><\/a><\/p>\n","protected":false},"author":1,"featured_media":0,"parent":44,"menu_order":0,"comment_status":"closed","ping_status":"closed","template":"","meta":{"inline_featured_image":false},"yoast_head":"<!-- This site is optimized with the Yoast SEO plugin v20.1 - https:\/\/yoast.com\/wordpress\/plugins\/seo\/ -->\n<title>Cz\u0119\u015bci do wiatraczk\u00f3w | Przetw\u00f3rstwo Tworzyw Sztucznych KOMPLAST<\/title>\n<meta name=\"robots\" content=\"index, follow, max-snippet:-1, max-image-preview:large, max-video-preview:-1\" \/>\n<link rel=\"canonical\" href=\"https:\/\/komplast.pl\/index.php\/oferta\/czesci-do-wiatraczkow\/\" \/>\n<meta property=\"og:locale\" content=\"pl_PL\" \/>\n<meta property=\"og:type\" content=\"article\" \/>\n<meta property=\"og:title\" content=\"Cz\u0119\u015bci do wiatraczk\u00f3w | Przetw\u00f3rstwo Tworzyw Sztucznych KOMPLAST\" \/>\n<meta property=\"og:description\" content=\"PLASTIKOWE AKCESORIA DO WIATRACZK\u00d3W Zestawy element\u00f3w plastikowych do wiatraczk\u00f3w reklamowych, dla dzieci czy dekoracji. Do monta\u017cu na patyczkach drewnianych o \u015brednicy 5 do 6mm Obecnie dost\u0119pny jedynie w kolorze bia\u0142ym. Opakowanie zawiera 1 000 komplet\u00f3w zapakowanych osobno. &#x26B2; Bezpiecze\u0144stwo: Produktu &hellip; Continue reading &rarr;\" \/>\n<meta property=\"og:url\" content=\"https:\/\/komplast.pl\/index.php\/oferta\/czesci-do-wiatraczkow\/\" \/>\n<meta property=\"og:site_name\" content=\"Przetw\u00f3rstwo Tworzyw Sztucznych KOMPLAST\" \/>\n<meta property=\"article:modified_time\" content=\"2025-01-08T13:58:16+00:00\" \/>\n<meta property=\"og:image\" content=\"https:\/\/komplast.pl\/wp-content\/uploads\/2019\/06\/3a-Plastikowe-czesci-do-wiatraczkow.jpg\" \/>\n<meta name=\"twitter:card\" content=\"summary_large_image\" \/>\n<meta name=\"twitter:label1\" content=\"Szacowany czas czytania\" \/>\n\t<meta name=\"twitter:data1\" content=\"2 minuty\" \/>\n<script type=\"application\/ld+json\" class=\"yoast-schema-graph\">{\"@context\":\"https:\/\/schema.org\",\"@graph\":[{\"@type\":\"WebPage\",\"@id\":\"https:\/\/komplast.pl\/index.php\/oferta\/czesci-do-wiatraczkow\/\",\"url\":\"https:\/\/komplast.pl\/index.php\/oferta\/czesci-do-wiatraczkow\/\",\"name\":\"Cz\u0119\u015bci do wiatraczk\u00f3w | Przetw\u00f3rstwo Tworzyw Sztucznych KOMPLAST\",\"isPartOf\":{\"@id\":\"https:\/\/komplast.pl\/#website\"},\"datePublished\":\"2019-02-02T10:01:53+00:00\",\"dateModified\":\"2025-01-08T13:58:16+00:00\",\"breadcrumb\":{\"@id\":\"https:\/\/komplast.pl\/index.php\/oferta\/czesci-do-wiatraczkow\/#breadcrumb\"},\"inLanguage\":\"pl-PL\",\"potentialAction\":[{\"@type\":\"ReadAction\",\"target\":[\"https:\/\/komplast.pl\/index.php\/oferta\/czesci-do-wiatraczkow\/\"]}]},{\"@type\":\"BreadcrumbList\",\"@id\":\"https:\/\/komplast.pl\/index.php\/oferta\/czesci-do-wiatraczkow\/#breadcrumb\",\"itemListElement\":[{\"@type\":\"ListItem\",\"position\":1,\"name\":\"Strona g\u0142\u00f3wna\",\"item\":\"https:\/\/komplast.pl\/\"},{\"@type\":\"ListItem\",\"position\":2,\"name\":\"OFERTA\",\"item\":\"https:\/\/komplast.pl\/index.php\/oferta\/\"},{\"@type\":\"ListItem\",\"position\":3,\"name\":\"Cz\u0119\u015bci do wiatraczk\u00f3w\"}]},{\"@type\":\"WebSite\",\"@id\":\"https:\/\/komplast.pl\/#website\",\"url\":\"https:\/\/komplast.pl\/\",\"name\":\"Przetw\u00f3rstwo Tworzyw Sztucznych KOMPLAST\",\"description\":\"Zapinki do pomidor\u00f3w oraz inne detale z tworzyw sztucznych\",\"publisher\":{\"@id\":\"https:\/\/komplast.pl\/#organization\"},\"potentialAction\":[{\"@type\":\"SearchAction\",\"target\":{\"@type\":\"EntryPoint\",\"urlTemplate\":\"https:\/\/komplast.pl\/?s={search_term_string}\"},\"query-input\":\"required name=search_term_string\"}],\"inLanguage\":\"pl-PL\"},{\"@type\":\"Organization\",\"@id\":\"https:\/\/komplast.pl\/#organization\",\"name\":\"Przetw\u00f3rstwo Tworzyw Sztucznych KOMPLAST\",\"url\":\"https:\/\/komplast.pl\/\",\"logo\":{\"@type\":\"ImageObject\",\"inLanguage\":\"pl-PL\",\"@id\":\"https:\/\/komplast.pl\/#\/schema\/logo\/image\/\",\"url\":\"https:\/\/komplast.pl\/wp-content\/uploads\/2019\/03\/Klogo.svg\",\"contentUrl\":\"https:\/\/komplast.pl\/wp-content\/uploads\/2019\/03\/Klogo.svg\",\"width\":1,\"height\":1,\"caption\":\"Przetw\u00f3rstwo Tworzyw Sztucznych KOMPLAST\"},\"image\":{\"@id\":\"https:\/\/komplast.pl\/#\/schema\/logo\/image\/\"}}]}<\/script>\n<!-- \/ Yoast SEO plugin. -->","yoast_head_json":{"title":"Cz\u0119\u015bci do wiatraczk\u00f3w | Przetw\u00f3rstwo Tworzyw Sztucznych KOMPLAST","robots":{"index":"index","follow":"follow","max-snippet":"max-snippet:-1","max-image-preview":"max-image-preview:large","max-video-preview":"max-video-preview:-1"},"canonical":"https:\/\/komplast.pl\/index.php\/oferta\/czesci-do-wiatraczkow\/","og_locale":"pl_PL","og_type":"article","og_title":"Cz\u0119\u015bci do wiatraczk\u00f3w | Przetw\u00f3rstwo Tworzyw Sztucznych KOMPLAST","og_description":"PLASTIKOWE AKCESORIA DO WIATRACZK\u00d3W Zestawy element\u00f3w plastikowych do wiatraczk\u00f3w reklamowych, dla dzieci czy dekoracji. Do monta\u017cu na patyczkach drewnianych o \u015brednicy 5 do 6mm Obecnie dost\u0119pny jedynie w kolorze bia\u0142ym. Opakowanie zawiera 1 000 komplet\u00f3w zapakowanych osobno. &#x26B2; Bezpiecze\u0144stwo: Produktu &hellip; Continue reading &rarr;","og_url":"https:\/\/komplast.pl\/index.php\/oferta\/czesci-do-wiatraczkow\/","og_site_name":"Przetw\u00f3rstwo Tworzyw Sztucznych KOMPLAST","article_modified_time":"2025-01-08T13:58:16+00:00","og_image":[{"url":"https:\/\/komplast.pl\/wp-content\/uploads\/2019\/06\/3a-Plastikowe-czesci-do-wiatraczkow.jpg"}],"twitter_card":"summary_large_image","twitter_misc":{"Szacowany czas czytania":"2 minuty"},"schema":{"@context":"https:\/\/schema.org","@graph":[{"@type":"WebPage","@id":"https:\/\/komplast.pl\/index.php\/oferta\/czesci-do-wiatraczkow\/","url":"https:\/\/komplast.pl\/index.php\/oferta\/czesci-do-wiatraczkow\/","name":"Cz\u0119\u015bci do wiatraczk\u00f3w | Przetw\u00f3rstwo Tworzyw Sztucznych KOMPLAST","isPartOf":{"@id":"https:\/\/komplast.pl\/#website"},"datePublished":"2019-02-02T10:01:53+00:00","dateModified":"2025-01-08T13:58:16+00:00","breadcrumb":{"@id":"https:\/\/komplast.pl\/index.php\/oferta\/czesci-do-wiatraczkow\/#breadcrumb"},"inLanguage":"pl-PL","potentialAction":[{"@type":"ReadAction","target":["https:\/\/komplast.pl\/index.php\/oferta\/czesci-do-wiatraczkow\/"]}]},{"@type":"BreadcrumbList","@id":"https:\/\/komplast.pl\/index.php\/oferta\/czesci-do-wiatraczkow\/#breadcrumb","itemListElement":[{"@type":"ListItem","position":1,"name":"Strona g\u0142\u00f3wna","item":"https:\/\/komplast.pl\/"},{"@type":"ListItem","position":2,"name":"OFERTA","item":"https:\/\/komplast.pl\/index.php\/oferta\/"},{"@type":"ListItem","position":3,"name":"Cz\u0119\u015bci do wiatraczk\u00f3w"}]},{"@type":"WebSite","@id":"https:\/\/komplast.pl\/#website","url":"https:\/\/komplast.pl\/","name":"Przetw\u00f3rstwo Tworzyw Sztucznych KOMPLAST","description":"Zapinki do pomidor\u00f3w oraz inne detale z tworzyw sztucznych","publisher":{"@id":"https:\/\/komplast.pl\/#organization"},"potentialAction":[{"@type":"SearchAction","target":{"@type":"EntryPoint","urlTemplate":"https:\/\/komplast.pl\/?s={search_term_string}"},"query-input":"required name=search_term_string"}],"inLanguage":"pl-PL"},{"@type":"Organization","@id":"https:\/\/komplast.pl\/#organization","name":"Przetw\u00f3rstwo Tworzyw Sztucznych KOMPLAST","url":"https:\/\/komplast.pl\/","logo":{"@type":"ImageObject","inLanguage":"pl-PL","@id":"https:\/\/komplast.pl\/#\/schema\/logo\/image\/","url":"https:\/\/komplast.pl\/wp-content\/uploads\/2019\/03\/Klogo.svg","contentUrl":"https:\/\/komplast.pl\/wp-content\/uploads\/2019\/03\/Klogo.svg","width":1,"height":1,"caption":"Przetw\u00f3rstwo Tworzyw Sztucznych KOMPLAST"},"image":{"@id":"https:\/\/komplast.pl\/#\/schema\/logo\/image\/"}}]}},"_links":{"self":[{"href":"https:\/\/komplast.pl\/index.php\/wp-json\/wp\/v2\/pages\/62"}],"collection":[{"href":"https:\/\/komplast.pl\/index.php\/wp-json\/wp\/v2\/pages"}],"about":[{"href":"https:\/\/komplast.pl\/index.php\/wp-json\/wp\/v2\/types\/page"}],"author":[{"embeddable":true,"href":"https:\/\/komplast.pl\/index.php\/wp-json\/wp\/v2\/users\/1"}],"replies":[{"embeddable":true,"href":"https:\/\/komplast.pl\/index.php\/wp-json\/wp\/v2\/comments?post=62"}],"version-history":[{"count":35,"href":"https:\/\/komplast.pl\/index.php\/wp-json\/wp\/v2\/pages\/62\/revisions"}],"predecessor-version":[{"id":2929,"href":"https:\/\/komplast.pl\/index.php\/wp-json\/wp\/v2\/pages\/62\/revisions\/2929"}],"up":[{"embeddable":true,"href":"https:\/\/komplast.pl\/index.php\/wp-json\/wp\/v2\/pages\/44"}],"wp:attachment":[{"href":"https:\/\/komplast.pl\/index.php\/wp-json\/wp\/v2\/media?parent=62"}],"curies":[{"name":"wp","href":"https:\/\/api.w.org\/{rel}","templated":true}]}}