{"id":44,"date":"2019-02-02T10:57:57","date_gmt":"2019-02-02T09:57:57","guid":{"rendered":"http:\/\/komplast.pl\/?page_id=44"},"modified":"2024-03-13T13:29:53","modified_gmt":"2024-03-13T12:29:53","slug":"oferta","status":"publish","type":"page","link":"https:\/\/komplast.pl\/index.php\/oferta\/","title":{"rendered":"OFERTA"},"content":{"rendered":"<div id=\"wieszak\">\r\n<a aria-label=\"Wieszak na zag\u0142\u00f3wek\" href=\"https:\/\/komplast.pl\/index.php\/oferta\/wieszak-samochodowy-na-zaglowek\/\"><div class=\"square\" style=\"margin-right: 1vw; float: left\">\r\n  <div class=\"content\">\r\n    <div class=\"content grid\" style=\"background: #ecc731\">\r\n      <p class=\"vertimid hyphenate\" style=\"color: #000\">Wieszak samochodowy<br\/>na zag\u0142\u00f3wek<\/p>\r\n    <\/div>\r\n   <\/div>\r\n  <div style=\"position: relative; line-height:0; padding-bottom: 100%; overflow: hidden\" class=\"cssfader fade3\">\r\n    <img decoding=\"async\" id=\"sl1\" style=\"position: absolute\" src=\"https:\/\/komplast.pl\/wp-content\/uploads\/2021\/11\/ElastycznoscWieszakaS.webp\" alt=\"Wieszak samochodowy na zag\u0142\u00f3wek do wieszania zakup\u00f3w. Zdj\u0119cie demonstruje jego elastyczno\u015b\u0107\" class=\"tile\">\r\n    <img decoding=\"async\" id=\"sl2\" style=\"position: absolute\" src=\"https:\/\/komplast.pl\/wp-content\/uploads\/2021\/11\/WieszakFrontS.webp\" alt=\"Wieszak samochodowy na zag\u0142\u00f3wek do wieszania zakup\u00f3w - widok od frontu\" class=\"tile\">\r\n    <img decoding=\"async\" id=\"sl3\" style=\"position: absolute\" src=\"https:\/\/komplast.pl\/wp-content\/uploads\/2021\/11\/WieszakTylS.webp\" alt=\"Wieszak samochodowy na zag\u0142\u00f3wek do wieszania zakup\u00f3w - widok od ty\u0142u\" class=\"tile\">\r\n    <\/div>\r\n  <\/div><\/a>\r\n<\/div>\r\n<div id=\"klips\">\r\n<a aria-label=\"Klipsy archiwizacyjne\" href=\"https:\/\/komplast.pl\/index.php\/oferta\/klipsy-archiwizacyjne\/\"><div class=\"square\" style=\"margin-right: 1vw; float: left\">\r\n  <div class=\"content\">  \r\n    <div class=\"content grid\" style=\"background: #d5181e\">\r\n      <p id=\"promo\" style=\"color: white\" class=\"vertimid hyphenate\">Klipsy <br\/>archiwizacyjne<\/p>\r\n    <\/div>\r\n   <\/div>\r\n  <div style=\"position: relative; height: 100%\">\r\n    <img decoding=\"async\" src=\"https:\/\/komplast.pl\/wp-content\/uploads\/2019\/05\/13-Klipsy-archiwizacyjne.jpg\" alt=\"Plastikowe klipsy do spinania przedziurkowanych plik\u00f3w kartek - ekonomiczna alternatywa dla segregator\u00f3w\" class=\"tile\" \/>\r\n    <h2 style=\"position: absolute; display: block; top: 0; background: #b00; color: #fff; width: 100%; padding: 1em 0; text-align: center\">PROMOCJA!<\/h2>\r\n      <\/div>\r\n  <\/div><\/a>\r\n<\/div>\r\n\r\n<div id=\"zapinki\">\r\n  <a aria-label=\"Zapinki\" href=\"https:\/\/komplast.pl\/index.php\/oferta\/zapinki-i-luczki-do-pomidorow\/\">\r\n    <div class=\"square\" style=\"1vw; float: left\">\r\n      <div class=\"content\">\r\n        <div class=\"content grid\" style=\"background: #e5401f\">\r\n          <p class=\"vertimid\">Zapinki i \u0142uczki <br\/>do pomidor\u00f3w<\/p>\r\n        <\/div>\r\n      <\/div>\r\n      <div style=\"height: 100%\">\r\n        <img decoding=\"async\" class=\"tile\" src=\"https:\/\/komplast.pl\/wp-content\/uploads\/2024\/02\/Klips-pomidor-S.jpg\" alt=\"Plastikowe zapinki opinaj\u0105ce pn\u0105cze pomidora w szklarni i przymocowane do sznurka\">\r\n      <\/div>\r\n    <\/div>\r\n  <\/a>\r\n<\/div>\r\n\r\n<!---ROW2--->\r\n\r\n<div id=\"zaslepka\">\r\n<a aria-label=\"Za\u015blepka\" href=\"https:\/\/komplast.pl\/index.php\/oferta\/zaslepka-120x20\/\"><div class=\"square\" style=\"margin-right: 1vw; float: left\">\r\n  <div class=\"content\">\r\n    <div class=\"content grid\" style=\"background: #bb9981\">\r\n      <p class=\"vertimid\">Za\u015blepki 120x20mm<br>do profili stalowych<br>i aluminiowych<\/p>\r\n    <\/div>\r\n   <\/div>\r\n  <div style=\"height: 100%\"><img decoding=\"async\" src=\"https:\/\/komplast.pl\/wp-content\/uploads\/2021\/02\/ZaslepkaTile.jpg\" alt=\"Plastikowa zatyczka do profili stalowych o wymiarach 120mm x 20mm, wykonana z polietylenu\" class=\"tile\">\r\n    <\/div>\r\n  <\/div><\/a>\r\n<\/div>\r\n<div  id=\"nabierka\">\r\n<a aria-label=\"Nabierka\" href=\"https:\/\/komplast.pl\/index.php\/oferta\/nabierka-do-miodu\/\">\r\n<div class=\"square\" style=\"margin-right: 1vw; float: left\">\r\n  <div class=\"content\">\r\n    <div class=\"content grid\" style=\"background: #ee9700\">\r\n      <p class=\"vertimid\">Nabierka do miodu<\/p>\r\n    <\/div>\r\n   <\/div>\r\n  <div style=\"height: 100%\"><img decoding=\"async\" src=\"https:\/\/komplast.pl\/wp-content\/uploads\/2019\/04\/2-Lyzeczki-do-miodu.jpg\" alt=\"Plastikowa, przezroczysta, bursztynowej barwy nabierka do miodu ociekaj\u0105ca miodem po zanurzeniu i wyj\u0119ciu ze s\u0142oja\" class=\"tile\">\r\n      <\/div>\r\n  <\/div><\/a>\r\n<\/div>\r\n<div id=\"uchwyt\">\r\n<a aria-label=\"Minigeokratka i klin mocuj\u0105cy\" href=\"https:\/\/komplast.pl\/index.php\/oferta\/mini-geokratka\/\"><div class=\"square\" style=\"float: right\">\r\n  <div class=\"content\">\r\n    <div class=\"content grid\" style=\"background: #bdd3e3\">\r\n      <p class=\"vertimid\" style=\"color: black\">Minigeokratka<br>i klin mocuj\u0105cy<\/p>\r\n    <\/div>\r\n   <\/div>\r\n  <div style=\"height: 100%\">\r\n    <img decoding=\"async\" class=\"vect tile\" src=\"https:\/\/komplast.pl\/wp-content\/uploads\/2024\/01\/NewComposite-holes.svg\" \/>\r\n    <\/div>\r\n  <\/div><\/a>\r\n<\/div>\r\n\r\n<!---ROW3--->\r\n\r\n<div id=\"zamki\">\r\n<a aria-label=\"Zamek do teczki\" href=\"https:\/\/komplast.pl\/index.php\/oferta\/zamek-do-teczki-tekturowej\/\"><div class=\"square\" style=\"margin-right: 1vw; float: left\">\r\n  <div class=\"content\">\r\n    <div class=\"content grid\" style=\"background: #88828c\">\r\n      <p class=\"vertimid\">Zamki do teczek <br\/>tekturowych<\/p>\r\n    <\/div>\r\n   <\/div>\r\n  <div style=\"height: 100%\"><img decoding=\"async\" src=\"https:\/\/komplast.pl\/wp-content\/uploads\/2024\/03\/ZamekCzarny360.jpg\" alt=\"Zapi\u0119ty plastikowy zamek zapadkowy na przyk\u0142adowej teczce tekturowej\" class=\"tile\" \/>\r\n      <\/div>\r\n  <\/div><\/a>\r\n<\/div>\r\n<div id=\"boki\">\r\n<a aria-label=\"Bok do teczki\" href=\"https:\/\/komplast.pl\/index.php\/oferta\/bok-do-teczki\/\"><div class=\"square\" style=\"margin-right: 1vw; float: left\">\r\n  <div class=\"content\">\r\n    <div class=\"content grid\" style=\"background: #bdd3e3\">\r\n      <p class=\"vertimid\" style=\"color: black\">Boki do teczek <br\/>tekturowych<\/p>\r\n    <\/div>\r\n   <\/div>\r\n  <div style=\"height: 100%\"><img decoding=\"async\" src=\"https:\/\/komplast.pl\/wp-content\/uploads\/2019\/04\/8-Boki-do-teczki-tekturowej.jpg\" alt=\"Plastikowy bok teczki zamocowany na przyk\u0142adowej teczce tekturowej\" class=\"tile\" \/>\r\n      <\/div>\r\n  <\/div><\/a>\r\n<\/div>\r\n<div id=\"raczki\">\r\n<a aria-label=\"R\u0105czki do teczek\" href=\"https:\/\/komplast.pl\/index.php\/oferta\/raczki-do-teczek\/\"><div class=\"square\" style=\"float: right\">\r\n  <div class=\"content\">\r\n    <div class=\"content grid\" style=\"background: #1c2b56\">\r\n      <p class=\"vertimid\">R\u0105czki do teczek <br\/>tekturowych<\/p>\r\n    <\/div>\r\n   <\/div>\r\n  <div style=\"height: 100%\"><img decoding=\"async\" src=\"https:\/\/komplast.pl\/wp-content\/uploads\/2024\/03\/KafelkaRaczka.jpg\" alt=\"Plastikowe r\u0105czki do teczek z dwoma plastikowymi stopkami mocuj\u0105cymi do przyk\u0142adowej teczki\" class=\"tile\" \/>\r\n      <\/div>\r\n  <\/div><\/a>\r\n<\/div>\r\n\r\n<!---ROW4--->\r\n\r\n<div id=\"obrazki\">\r\n<a aria-label=\"Ramki do obrazk\u00f3w\" href=\"https:\/\/komplast.pl\/index.php\/oferta\/ramki-obrotowe-do-obrazkow\/\"><div class=\"square\" style=\"margin-right: 1vw; float: left\">  \r\n  <div class=\"content\">\r\n    <div class=\"content grid\" style=\"background: #2b9bbf\">\r\n      <p class=\"vertimid\">Ramki obrotowe <br\/>do obrazk\u00f3w<\/p>\r\n    <\/div>\r\n   <\/div>\r\n  <div style=\"height: 100%\"><img decoding=\"async\" src=\"https:\/\/komplast.pl\/wp-content\/uploads\/2019\/04\/10-Ramki-obrotowe.jpg\" alt=\"Malownicze obrazki piaskowe w plastikowych, obrotowych ramkach na solidnym plastikowym statywie\" class=\"tile\" \/>\r\n      <\/div>\r\n  <\/div><\/a>\r\n<\/div>\r\n<div id=\"nity\">\r\n<a aria-label=\"Nity i tulejki\" href=\"https:\/\/komplast.pl\/index.php\/oferta\/nity-i-tulejki\/\"><div class=\"square\" style=\"margin-right: 1vw; float: left\">\r\n  <div class=\"content\">\r\n    <div class=\"content grid\" style=\"background: #404040\">\r\n      <p class=\"vertimid\">Nity i tulejki<\/p>\r\n    <\/div>\r\n   <\/div>\r\n  <div style=\"height: 100%\"><img decoding=\"async\" src=\"https:\/\/komplast.pl\/wp-content\/uploads\/2019\/04\/11-Nity-i-tulejki.jpg\" alt=\"Stos czarnych i bia\u0142ych, plastikowych nit\u00f3w i tulejek do teczek tekturowych\" class=\"tile\" \/>\r\n      <\/div>\r\n  <\/div><\/a>\r\n<\/div>\r\n<div id=\"segregator\">\r\n<a aria-label=\"Uchwyty do segregatora\" href=\"https:\/\/komplast.pl\/index.php\/oferta\/uchwyty-do-segregatora\/\"><div class=\"square\" style=\"float: right\">\r\n  <div class=\"content\">\r\n    <div class=\"content grid\" style=\"background: white\">\r\n      <p class=\"vertimid\" style=\"color: black\">Uchwyty do <br\/>segregator\u00f3w<\/p>\r\n    <\/div>\r\n   <\/div>\r\n  <div style=\"height: 100%\"><img decoding=\"async\" src=\"https:\/\/komplast.pl\/wp-content\/uploads\/2019\/06\/Mechanizm-segregator.jpg\" alt=\"Zgrabny plastikowy mechanizm z szeregiem wpinek, spinaj\u0105cy plik gazetek w segregatorze\" class=\"tile\" \/>\r\n      <\/div>\r\n  <\/div><\/a>\r\n<\/div>\r\n\r\n<!---ROW5--->\r\n\r\n<div id=\"zapachy\">\r\n<a aria-label=\"Zapachy samochodowe\" href=\"https:\/\/komplast.pl\/index.php\/oferta\/zapachy-do-samochodu\/\"><div class=\"square\" style=\"margin-right: 1vw; float: left\">\r\n  <div class=\"content\">\r\n    <div class=\"content grid\" style=\"background: #2093cf\">\r\n      <p class=\"vertimid hyphenate\">Obudowy zapach\u00f3w <br\/>samochodowych<\/p>\r\n    <\/div>\r\n   <\/div>\r\n  <div style=\"height: 100%\"><img decoding=\"async\" src=\"https:\/\/komplast.pl\/wp-content\/uploads\/2019\/04\/5-Obudowy-zapachow-samochodowych.jpg\" alt=\"Zapach samochodowy z plastikow\u0105 obudow\u0105, zamocowany na kratce nawiewu\" class=\"tile\">\r\n    <\/div>\r\n  <\/div><\/a>\r\n<\/div>\r\n\r\n<div id=\"wiatrak\">\r\n<a aria-label=\"Wiatraczek\" href=\"https:\/\/komplast.pl\/index.php\/oferta\/czesci-do-wiatraczkow\/\"><div class=\"square\" style=\"float: right\">\r\n  <div class=\"content\">\r\n    <div class=\"content grid\" style=\"background: #0070c6\">\r\n      <p class=\"vertimid\">Cz\u0119\u015bci do <br\/>wiatraczk\u00f3w<\/p>\r\n    <\/div>\r\n   <\/div>\r\n  <div style=\"height: 100%\"><img decoding=\"async\" src=\"https:\/\/komplast.pl\/wp-content\/uploads\/2019\/04\/3-Czesci-do-wiatraczkow.jpg\" alt=\"Kr\u0119c\u0105cy si\u0119 dzieci\u0119cy wiatraczek-zabawka, z\u0142o\u017cony z plastikowego patyczka i plastikowego mechanizmu ruchomego\" class=\"tile\">\r\n      <\/div>\r\n  <\/div><\/a>\r\n<\/div>\r\n\r\n\r\n<div id=\"uslugi\">\r\n<a aria-label=\"Us\u0142ugi obr\u00f3bki metalu\" href=\"https:\/\/komplast.pl\/index.php\/oferta\/uslugi\/\"><div class=\"square\" style=\"margin-right: 1vw; float: left\">\r\n  <div class=\"content\">\r\n    <div class=\"content grid\" style=\"background: #8f8784\">\r\n      <p class=\"vertimid\">Us\u0142ugi<\/p>\r\n    <\/div>\r\n   <\/div>\r\n  <div style=\"height: 100%\"><img decoding=\"async\" src=\"https:\/\/komplast.pl\/wp-content\/uploads\/2019\/10\/15-Wkladka-cechujaca.jpg\" alt=\"Wk\u0142adka cechuj\u0105ca z wyfrezowanymi literami i cyframi w dwu rozmiarach\" class=\"tile\" \/>\r\n      <\/div>\r\n  <\/div><\/a>\r\n<\/div>\r\n\r\n<hr style=\"clear:both; visibility: hidden;\">","protected":false},"excerpt":{"rendered":"<p>Wieszak samochodowyna zag\u0142\u00f3wek Klipsy archiwizacyjne PROMOCJA! Zapinki i \u0142uczki do pomidor\u00f3w Za\u015blepki 120x20mmdo profili stalowychi aluminiowych Nabierka do miodu Minigeokratkai klin mocuj\u0105cy Zamki do teczek tekturowych Boki do teczek tekturowych R\u0105czki do teczek tekturowych Ramki obrotowe do obrazk\u00f3w Nity i &hellip; <a href=\"https:\/\/komplast.pl\/index.php\/oferta\/\">Continue reading <span class=\"meta-nav\">&rarr;<\/span><\/a><\/p>\n","protected":false},"author":1,"featured_media":0,"parent":0,"menu_order":0,"comment_status":"closed","ping_status":"closed","template":"","meta":{"inline_featured_image":false},"yoast_head":"<!-- This site is optimized with the Yoast SEO plugin v20.1 - https:\/\/yoast.com\/wordpress\/plugins\/seo\/ -->\n<title>OFERTA | Przetw\u00f3rstwo Tworzyw Sztucznych KOMPLAST<\/title>\n<meta name=\"description\" content=\"Wyroby z tworzyw sztucznych: akcesoria dla ogrodnictwa, cz\u0119\u015bci do teczek tekturowych i segregator\u00f3w oraz artyku\u0142y dla bran\u017cy reklamowej i pami\u0105tkarskiej\" \/>\n<meta name=\"robots\" content=\"index, follow, max-snippet:-1, max-image-preview:large, max-video-preview:-1\" \/>\n<link rel=\"canonical\" href=\"https:\/\/komplast.pl\/index.php\/oferta\/\" \/>\n<meta property=\"og:locale\" content=\"pl_PL\" \/>\n<meta property=\"og:type\" content=\"article\" \/>\n<meta property=\"og:title\" content=\"OFERTA | Przetw\u00f3rstwo Tworzyw Sztucznych KOMPLAST\" \/>\n<meta property=\"og:description\" content=\"Wyroby z tworzyw sztucznych: akcesoria dla ogrodnictwa, cz\u0119\u015bci do teczek tekturowych i segregator\u00f3w oraz artyku\u0142y dla bran\u017cy reklamowej i pami\u0105tkarskiej\" \/>\n<meta property=\"og:url\" content=\"https:\/\/komplast.pl\/index.php\/oferta\/\" \/>\n<meta property=\"og:site_name\" content=\"Przetw\u00f3rstwo Tworzyw Sztucznych KOMPLAST\" \/>\n<meta property=\"article:modified_time\" content=\"2024-03-13T12:29:53+00:00\" \/>\n<meta property=\"og:image\" content=\"https:\/\/komplast.pl\/wp-content\/uploads\/2021\/11\/ElastycznoscWieszakaS.webp\" \/>\n<meta name=\"twitter:card\" content=\"summary_large_image\" \/>\n<meta name=\"twitter:label1\" content=\"Szacowany czas czytania\" \/>\n\t<meta name=\"twitter:data1\" content=\"4 minuty\" \/>\n<script type=\"application\/ld+json\" class=\"yoast-schema-graph\">{\"@context\":\"https:\/\/schema.org\",\"@graph\":[{\"@type\":\"WebPage\",\"@id\":\"https:\/\/komplast.pl\/index.php\/oferta\/\",\"url\":\"https:\/\/komplast.pl\/index.php\/oferta\/\",\"name\":\"OFERTA | Przetw\u00f3rstwo Tworzyw Sztucznych KOMPLAST\",\"isPartOf\":{\"@id\":\"https:\/\/komplast.pl\/#website\"},\"datePublished\":\"2019-02-02T09:57:57+00:00\",\"dateModified\":\"2024-03-13T12:29:53+00:00\",\"description\":\"Wyroby z tworzyw sztucznych: akcesoria dla ogrodnictwa, cz\u0119\u015bci do teczek tekturowych i segregator\u00f3w oraz artyku\u0142y dla bran\u017cy reklamowej i pami\u0105tkarskiej\",\"breadcrumb\":{\"@id\":\"https:\/\/komplast.pl\/index.php\/oferta\/#breadcrumb\"},\"inLanguage\":\"pl-PL\",\"potentialAction\":[{\"@type\":\"ReadAction\",\"target\":[\"https:\/\/komplast.pl\/index.php\/oferta\/\"]}]},{\"@type\":\"BreadcrumbList\",\"@id\":\"https:\/\/komplast.pl\/index.php\/oferta\/#breadcrumb\",\"itemListElement\":[{\"@type\":\"ListItem\",\"position\":1,\"name\":\"Strona g\u0142\u00f3wna\",\"item\":\"https:\/\/komplast.pl\/\"},{\"@type\":\"ListItem\",\"position\":2,\"name\":\"OFERTA\"}]},{\"@type\":\"WebSite\",\"@id\":\"https:\/\/komplast.pl\/#website\",\"url\":\"https:\/\/komplast.pl\/\",\"name\":\"Przetw\u00f3rstwo Tworzyw Sztucznych KOMPLAST\",\"description\":\"Zapinki do pomidor\u00f3w oraz inne detale z tworzyw sztucznych\",\"publisher\":{\"@id\":\"https:\/\/komplast.pl\/#organization\"},\"potentialAction\":[{\"@type\":\"SearchAction\",\"target\":{\"@type\":\"EntryPoint\",\"urlTemplate\":\"https:\/\/komplast.pl\/?s={search_term_string}\"},\"query-input\":\"required name=search_term_string\"}],\"inLanguage\":\"pl-PL\"},{\"@type\":\"Organization\",\"@id\":\"https:\/\/komplast.pl\/#organization\",\"name\":\"Przetw\u00f3rstwo Tworzyw Sztucznych KOMPLAST\",\"url\":\"https:\/\/komplast.pl\/\",\"logo\":{\"@type\":\"ImageObject\",\"inLanguage\":\"pl-PL\",\"@id\":\"https:\/\/komplast.pl\/#\/schema\/logo\/image\/\",\"url\":\"https:\/\/komplast.pl\/wp-content\/uploads\/2019\/03\/Klogo.svg\",\"contentUrl\":\"https:\/\/komplast.pl\/wp-content\/uploads\/2019\/03\/Klogo.svg\",\"width\":1,\"height\":1,\"caption\":\"Przetw\u00f3rstwo Tworzyw Sztucznych KOMPLAST\"},\"image\":{\"@id\":\"https:\/\/komplast.pl\/#\/schema\/logo\/image\/\"}}]}<\/script>\n<!-- \/ Yoast SEO plugin. -->","yoast_head_json":{"title":"OFERTA | Przetw\u00f3rstwo Tworzyw Sztucznych KOMPLAST","description":"Wyroby z tworzyw sztucznych: akcesoria dla ogrodnictwa, cz\u0119\u015bci do teczek tekturowych i segregator\u00f3w oraz artyku\u0142y dla bran\u017cy reklamowej i pami\u0105tkarskiej","robots":{"index":"index","follow":"follow","max-snippet":"max-snippet:-1","max-image-preview":"max-image-preview:large","max-video-preview":"max-video-preview:-1"},"canonical":"https:\/\/komplast.pl\/index.php\/oferta\/","og_locale":"pl_PL","og_type":"article","og_title":"OFERTA | Przetw\u00f3rstwo Tworzyw Sztucznych KOMPLAST","og_description":"Wyroby z tworzyw sztucznych: akcesoria dla ogrodnictwa, cz\u0119\u015bci do teczek tekturowych i segregator\u00f3w oraz artyku\u0142y dla bran\u017cy reklamowej i pami\u0105tkarskiej","og_url":"https:\/\/komplast.pl\/index.php\/oferta\/","og_site_name":"Przetw\u00f3rstwo Tworzyw Sztucznych KOMPLAST","article_modified_time":"2024-03-13T12:29:53+00:00","og_image":[{"url":"https:\/\/komplast.pl\/wp-content\/uploads\/2021\/11\/ElastycznoscWieszakaS.webp"}],"twitter_card":"summary_large_image","twitter_misc":{"Szacowany czas czytania":"4 minuty"},"schema":{"@context":"https:\/\/schema.org","@graph":[{"@type":"WebPage","@id":"https:\/\/komplast.pl\/index.php\/oferta\/","url":"https:\/\/komplast.pl\/index.php\/oferta\/","name":"OFERTA | Przetw\u00f3rstwo Tworzyw Sztucznych KOMPLAST","isPartOf":{"@id":"https:\/\/komplast.pl\/#website"},"datePublished":"2019-02-02T09:57:57+00:00","dateModified":"2024-03-13T12:29:53+00:00","description":"Wyroby z tworzyw sztucznych: akcesoria dla ogrodnictwa, cz\u0119\u015bci do teczek tekturowych i segregator\u00f3w oraz artyku\u0142y dla bran\u017cy reklamowej i pami\u0105tkarskiej","breadcrumb":{"@id":"https:\/\/komplast.pl\/index.php\/oferta\/#breadcrumb"},"inLanguage":"pl-PL","potentialAction":[{"@type":"ReadAction","target":["https:\/\/komplast.pl\/index.php\/oferta\/"]}]},{"@type":"BreadcrumbList","@id":"https:\/\/komplast.pl\/index.php\/oferta\/#breadcrumb","itemListElement":[{"@type":"ListItem","position":1,"name":"Strona g\u0142\u00f3wna","item":"https:\/\/komplast.pl\/"},{"@type":"ListItem","position":2,"name":"OFERTA"}]},{"@type":"WebSite","@id":"https:\/\/komplast.pl\/#website","url":"https:\/\/komplast.pl\/","name":"Przetw\u00f3rstwo Tworzyw Sztucznych KOMPLAST","description":"Zapinki do pomidor\u00f3w oraz inne detale z tworzyw sztucznych","publisher":{"@id":"https:\/\/komplast.pl\/#organization"},"potentialAction":[{"@type":"SearchAction","target":{"@type":"EntryPoint","urlTemplate":"https:\/\/komplast.pl\/?s={search_term_string}"},"query-input":"required name=search_term_string"}],"inLanguage":"pl-PL"},{"@type":"Organization","@id":"https:\/\/komplast.pl\/#organization","name":"Przetw\u00f3rstwo Tworzyw Sztucznych KOMPLAST","url":"https:\/\/komplast.pl\/","logo":{"@type":"ImageObject","inLanguage":"pl-PL","@id":"https:\/\/komplast.pl\/#\/schema\/logo\/image\/","url":"https:\/\/komplast.pl\/wp-content\/uploads\/2019\/03\/Klogo.svg","contentUrl":"https:\/\/komplast.pl\/wp-content\/uploads\/2019\/03\/Klogo.svg","width":1,"height":1,"caption":"Przetw\u00f3rstwo Tworzyw Sztucznych KOMPLAST"},"image":{"@id":"https:\/\/komplast.pl\/#\/schema\/logo\/image\/"}}]}},"_links":{"self":[{"href":"https:\/\/komplast.pl\/index.php\/wp-json\/wp\/v2\/pages\/44"}],"collection":[{"href":"https:\/\/komplast.pl\/index.php\/wp-json\/wp\/v2\/pages"}],"about":[{"href":"https:\/\/komplast.pl\/index.php\/wp-json\/wp\/v2\/types\/page"}],"author":[{"embeddable":true,"href":"https:\/\/komplast.pl\/index.php\/wp-json\/wp\/v2\/users\/1"}],"replies":[{"embeddable":true,"href":"https:\/\/komplast.pl\/index.php\/wp-json\/wp\/v2\/comments?post=44"}],"version-history":[{"count":60,"href":"https:\/\/komplast.pl\/index.php\/wp-json\/wp\/v2\/pages\/44\/revisions"}],"predecessor-version":[{"id":2913,"href":"https:\/\/komplast.pl\/index.php\/wp-json\/wp\/v2\/pages\/44\/revisions\/2913"}],"wp:attachment":[{"href":"https:\/\/komplast.pl\/index.php\/wp-json\/wp\/v2\/media?parent=44"}],"curies":[{"name":"wp","href":"https:\/\/api.w.org\/{rel}","templated":true}]}}