{"id":2904,"date":"2024-12-18T10:55:16","date_gmt":"2024-12-18T09:55:16","guid":{"rendered":"https:\/\/komplast.pl\/?page_id=2904"},"modified":"2024-12-18T10:55:16","modified_gmt":"2024-12-18T09:55:16","slug":"w-przebudowie","status":"publish","type":"page","link":"https:\/\/komplast.pl\/","title":{"rendered":"W przebudowie"},"content":{"rendered":"<div style=\"font-size: 30px; display: grid\">\r\n  <h1>STRONA W PRZEBUDOWIE<\/h1>\r\n\r\n<svg wiewBox=\"0 0 320 320\" width=\"320\" height=\"320\" style=\"margin: 1em\">\r\n\r\n<path\r\n     d=\" M 154.6 0.0 L 165.2 0.0 C 171.0 1.5 177.3 2.3 182.1 6.0 C 185.6 8.3 189.3 10.6 192.3 13.6 C 230.1 51.5 268.0 89.3 305.9 127.2 C 313.2 134.7 318.4 144.3 320.0 154.7 L 320.0 165.8 C 318.7 170.3 317.9 174.9 315.9 179.1 C 312.8 183.9 309.9 188.9 305.8 192.8 C 268.3 230.4 230.7 267.9 193.2 305.5 C 185.6 313.0 176.0 318.4 165.4 320.0 L 154.7 320.0 C 144.3 318.4 134.8 313.2 127.3 306.0 C 89.3 267.9 51.3 230.0 13.3 191.9 C 10.4 189.0 8.2 185.4 5.9 182.0 C 2.3 177.3 1.7 171.3 0.0 165.8 L 0.0 154.8 C 1.6 143.8 7.3 133.9 15.2 126.2 C 52.7 88.7 90.2 51.2 127.7 13.6 C 131.4 9.9 136.0 7.2 140.4 4.3 C 144.8 2.1 149.8 1.3 154.6 0.0 Z\"\r\n     id=\"path2\" \/>\r\n  <path\r\n     fill=\"#ffff02\"\r\n     stroke=\"#ffff02\"\r\n     stroke-width=\"0.09375\"\r\n     d=\" M 130.9 25.8 C 139.7 17.1 152.6 11.9 165.0 14.1 C 174.7 14.8 183.5 20.1 190.2 26.8 C 224.5 61.2 258.9 95.5 293.2 129.9 C 296.5 134.3 300.4 138.6 302.1 144.0 C 305.2 150.8 305.1 158.6 304.2 165.9 C 303.3 174.4 297.9 181.3 292.4 187.4 C 256.7 223.0 221.0 258.7 185.4 294.4 C 182.8 296.7 179.6 297.9 176.6 299.5 C 171.6 302.5 165.5 302.3 160.0 303.6 C 155.1 302.5 150.1 302.3 145.4 300.5 C 141.5 298.5 137.3 297.0 134.1 293.9 C 99.6 259.3 65.1 224.9 30.6 190.4 C 27.1 187.2 24.3 183.3 21.2 179.6 C 15.0 171.0 14.4 159.9 15.9 149.8 C 17.7 142.0 22.2 135.3 27.3 129.3 C 61.9 94.8 96.3 60.3 130.9 25.8 Z\"\r\n     id=\"path4\" \/>\r\n  <path\r\n     id=\"path5\"\r\n     d=\"M 167.76563 86.084473 C 166.59375 86.087598 165.4248 86.199414 164.2998 86.399414 C 158.99981 88.399412 154.99941 93.400396 153.89941 98.900391 C 152.29942 108.40038 163.1005 117.00039 172.00049 113.90039 C 176.90048 112.60039 181.49951 108.4997 181.99951 103.19971 C 183.39951 98.299712 181.00029 92.900094 177.30029 89.600098 C 174.8253 87.0501 171.28125 86.075098 167.76563 86.084473 z M 106.70068 108.60059 C 103.3007 110.50057 102.10057 114.29982 101.10059 117.7998 C 99.700584 123.7998 98.599314 129.8002 97.299316 135.7002 C 95.39932 134.5002 93.500289 133.10049 91.800293 131.50049 C 89.900297 132.20049 88.50049 133.90049 89.500488 136.00049 C 92.000484 137.30049 94.099908 139.19932 96.399902 140.79932 C 96.299902 143.2993 98.000396 145.30059 100.40039 146.10059 C 98.200396 149.30057 93.600586 151.00049 93.600586 155.50049 C 93.100586 166.70047 93.700293 177.89963 93.300293 189.09961 C 91.000297 198.49959 88.599799 207.79973 86.299805 217.19971 C 86.099805 220.59969 85.29991 225.09951 88.899902 226.99951 C 92.899894 230.29951 99.69961 227.60018 100.59961 222.7002 C 103.59961 211.00022 106.8007 199.40027 109.70068 187.80029 C 110.10068 180.40031 109.70029 172.89949 109.80029 165.49951 C 116.00029 172.59949 121.8007 179.99932 127.70068 187.29932 C 125.4007 191.9993 122.90018 196.69953 120.7002 201.49951 C 117.9002 208.49949 113.60057 214.70002 111.60059 222 C 112.30059 224.3 113.5 226.59961 115.5 228.09961 C 118.7 229.59961 122.6002 228.19971 125.2002 226.19971 C 127.60018 222.19971 129.79932 217.9998 131.79932 213.7998 C 135.0993 207.09982 139.29971 200.70029 142.19971 193.80029 C 143.09971 191.60031 144.9002 189.50049 144.7002 187.00049 C 144.9002 183.10049 142 180.0999 139.5 177.3999 C 139.1 176.3999 140.80029 175.49932 141.30029 176.79932 C 152.50027 185.9993 163.80051 195.0007 175.00049 204.20068 C 171.30049 206.30068 168.1993 209.29961 166.29932 213.09961 C 162.69932 212.39961 160.4993 215.2999 158.79932 217.8999 C 159.59932 220.0999 157.90068 220.70059 156.20068 221.10059 C 152.9007 221.10059 149.9 222.50029 147 223.80029 C 145.9 225.50029 144.80049 227.2002 143.50049 228.7002 C 149.70047 229.60018 155.90002 228.5001 162 229.1001 C 186.89996 228.7001 211.70014 228.9998 236.6001 228.7998 C 234.4001 224.09982 230.10047 220.00039 224.50049 220.40039 C 223.30049 218.40039 221.50029 217 219.30029 216 C 219.20029 211.9 217.3998 207.49969 213.7998 205.19971 C 211.69982 203.99971 209.00039 204.40039 206.90039 205.40039 C 205.50039 202.60039 203.70057 199.99969 201.60059 197.69971 C 200.00059 195.89971 197.40068 195.59932 195.20068 194.79932 C 189.2007 193.39932 184.40057 197.90049 180.60059 202.00049 C 167.50061 192.50051 155.39928 181.70008 142.29932 172.1001 C 147.9993 161.30012 153.99982 150.69949 159.7998 139.99951 C 161.7998 136.09953 159.7 131.90008 157.5 128.6001 C 153.2 122.1001 148.19961 116.09998 144.09961 109.5 C 142.09961 109.1 140.1 108.6002 138 108.7002 C 127.60002 108.7002 117.20066 108.70059 106.70068 108.60059 z \" \/>\r\n  <path\r\n     fill=\"#ffff02\"\r\n     stroke=\"#ffff02\"\r\n     stroke-width=\"0.09375\"\r\n     d=\" M 113.0 123.3 C 116.6 123.4 120.1 123.4 123.6 123.4 C 119.3 128.0 114.4 132.1 110.3 136.9 C 110.8 132.3 112.1 127.9 113.0 123.3 Z\"\r\n     id=\"path7\" \/>\r\n  <path\r\n     fill=\"#ffff02\"\r\n     stroke=\"#ffff02\"\r\n     stroke-width=\"0.09375\"\r\n     d=\" M 122.7 156.0 C 128.2 153.5 133.7 151.2 139.2 148.7 C 137.2 153.8 133.8 158.0 131.8 163.0 C 128.6 160.8 125.5 158.6 122.7 156.0 Z\"\r\n     id=\"path8\" \/>\r\n\r\n<\/svg>\r\n\r\n  <p>Zapraszamy ponownie ju\u017c wkr\u00f3tce<p>\r\n<\/div>","protected":false},"excerpt":{"rendered":"<p>STRONA W PRZEBUDOWIE Zapraszamy ponownie ju\u017c wkr\u00f3tce<\/p>\n","protected":false},"author":1,"featured_media":0,"parent":0,"menu_order":0,"comment_status":"closed","ping_status":"closed","template":"","meta":{"inline_featured_image":false},"yoast_head":"<!-- This site is optimized with the Yoast SEO plugin v20.1 - https:\/\/yoast.com\/wordpress\/plugins\/seo\/ -->\n<title>W przebudowie | Przetw\u00f3rstwo Tworzyw Sztucznych KOMPLAST<\/title>\n<meta name=\"robots\" content=\"index, follow, max-snippet:-1, max-image-preview:large, max-video-preview:-1\" \/>\n<link rel=\"canonical\" href=\"https:\/\/komplast.pl\/\" \/>\n<meta property=\"og:locale\" content=\"pl_PL\" \/>\n<meta property=\"og:type\" content=\"article\" \/>\n<meta property=\"og:title\" content=\"W przebudowie | Przetw\u00f3rstwo Tworzyw Sztucznych KOMPLAST\" \/>\n<meta property=\"og:description\" content=\"STRONA W PRZEBUDOWIE Zapraszamy ponownie ju\u017c wkr\u00f3tce\" \/>\n<meta property=\"og:url\" content=\"https:\/\/komplast.pl\/\" \/>\n<meta property=\"og:site_name\" content=\"Przetw\u00f3rstwo Tworzyw Sztucznych KOMPLAST\" \/>\n<meta name=\"twitter:card\" content=\"summary_large_image\" \/>\n<meta name=\"twitter:label1\" content=\"Szacowany czas czytania\" \/>\n\t<meta name=\"twitter:data1\" content=\"1 minuta\" \/>\n<script type=\"application\/ld+json\" class=\"yoast-schema-graph\">{\"@context\":\"https:\/\/schema.org\",\"@graph\":[{\"@type\":\"WebPage\",\"@id\":\"https:\/\/komplast.pl\/\",\"url\":\"https:\/\/komplast.pl\/\",\"name\":\"W przebudowie | Przetw\u00f3rstwo Tworzyw Sztucznych KOMPLAST\",\"isPartOf\":{\"@id\":\"https:\/\/komplast.pl\/#website\"},\"datePublished\":\"2024-12-18T09:55:16+00:00\",\"dateModified\":\"2024-12-18T09:55:16+00:00\",\"breadcrumb\":{\"@id\":\"https:\/\/komplast.pl\/#breadcrumb\"},\"inLanguage\":\"pl-PL\",\"potentialAction\":[{\"@type\":\"ReadAction\",\"target\":[\"https:\/\/komplast.pl\/\"]}]},{\"@type\":\"BreadcrumbList\",\"@id\":\"https:\/\/komplast.pl\/#breadcrumb\",\"itemListElement\":[{\"@type\":\"ListItem\",\"position\":1,\"name\":\"Strona g\u0142\u00f3wna\",\"item\":\"https:\/\/komplast.pl\/\"},{\"@type\":\"ListItem\",\"position\":2,\"name\":\"W przebudowie\"}]},{\"@type\":\"WebSite\",\"@id\":\"https:\/\/komplast.pl\/#website\",\"url\":\"https:\/\/komplast.pl\/\",\"name\":\"Przetw\u00f3rstwo Tworzyw Sztucznych KOMPLAST\",\"description\":\"Zapinki do pomidor\u00f3w oraz inne detale z tworzyw sztucznych\",\"publisher\":{\"@id\":\"https:\/\/komplast.pl\/#organization\"},\"potentialAction\":[{\"@type\":\"SearchAction\",\"target\":{\"@type\":\"EntryPoint\",\"urlTemplate\":\"https:\/\/komplast.pl\/?s={search_term_string}\"},\"query-input\":\"required name=search_term_string\"}],\"inLanguage\":\"pl-PL\"},{\"@type\":\"Organization\",\"@id\":\"https:\/\/komplast.pl\/#organization\",\"name\":\"Przetw\u00f3rstwo Tworzyw Sztucznych KOMPLAST\",\"url\":\"https:\/\/komplast.pl\/\",\"logo\":{\"@type\":\"ImageObject\",\"inLanguage\":\"pl-PL\",\"@id\":\"https:\/\/komplast.pl\/#\/schema\/logo\/image\/\",\"url\":\"https:\/\/komplast.pl\/wp-content\/uploads\/2019\/03\/Klogo.svg\",\"contentUrl\":\"https:\/\/komplast.pl\/wp-content\/uploads\/2019\/03\/Klogo.svg\",\"width\":1,\"height\":1,\"caption\":\"Przetw\u00f3rstwo Tworzyw Sztucznych KOMPLAST\"},\"image\":{\"@id\":\"https:\/\/komplast.pl\/#\/schema\/logo\/image\/\"}}]}<\/script>\n<!-- \/ Yoast SEO plugin. -->","yoast_head_json":{"title":"W przebudowie | Przetw\u00f3rstwo Tworzyw Sztucznych KOMPLAST","robots":{"index":"index","follow":"follow","max-snippet":"max-snippet:-1","max-image-preview":"max-image-preview:large","max-video-preview":"max-video-preview:-1"},"canonical":"https:\/\/komplast.pl\/","og_locale":"pl_PL","og_type":"article","og_title":"W przebudowie | Przetw\u00f3rstwo Tworzyw Sztucznych KOMPLAST","og_description":"STRONA W PRZEBUDOWIE Zapraszamy ponownie ju\u017c wkr\u00f3tce","og_url":"https:\/\/komplast.pl\/","og_site_name":"Przetw\u00f3rstwo Tworzyw Sztucznych KOMPLAST","twitter_card":"summary_large_image","twitter_misc":{"Szacowany czas czytania":"1 minuta"},"schema":{"@context":"https:\/\/schema.org","@graph":[{"@type":"WebPage","@id":"https:\/\/komplast.pl\/","url":"https:\/\/komplast.pl\/","name":"W przebudowie | Przetw\u00f3rstwo Tworzyw Sztucznych KOMPLAST","isPartOf":{"@id":"https:\/\/komplast.pl\/#website"},"datePublished":"2024-12-18T09:55:16+00:00","dateModified":"2024-12-18T09:55:16+00:00","breadcrumb":{"@id":"https:\/\/komplast.pl\/#breadcrumb"},"inLanguage":"pl-PL","potentialAction":[{"@type":"ReadAction","target":["https:\/\/komplast.pl\/"]}]},{"@type":"BreadcrumbList","@id":"https:\/\/komplast.pl\/#breadcrumb","itemListElement":[{"@type":"ListItem","position":1,"name":"Strona g\u0142\u00f3wna","item":"https:\/\/komplast.pl\/"},{"@type":"ListItem","position":2,"name":"W przebudowie"}]},{"@type":"WebSite","@id":"https:\/\/komplast.pl\/#website","url":"https:\/\/komplast.pl\/","name":"Przetw\u00f3rstwo Tworzyw Sztucznych KOMPLAST","description":"Zapinki do pomidor\u00f3w oraz inne detale z tworzyw sztucznych","publisher":{"@id":"https:\/\/komplast.pl\/#organization"},"potentialAction":[{"@type":"SearchAction","target":{"@type":"EntryPoint","urlTemplate":"https:\/\/komplast.pl\/?s={search_term_string}"},"query-input":"required name=search_term_string"}],"inLanguage":"pl-PL"},{"@type":"Organization","@id":"https:\/\/komplast.pl\/#organization","name":"Przetw\u00f3rstwo Tworzyw Sztucznych KOMPLAST","url":"https:\/\/komplast.pl\/","logo":{"@type":"ImageObject","inLanguage":"pl-PL","@id":"https:\/\/komplast.pl\/#\/schema\/logo\/image\/","url":"https:\/\/komplast.pl\/wp-content\/uploads\/2019\/03\/Klogo.svg","contentUrl":"https:\/\/komplast.pl\/wp-content\/uploads\/2019\/03\/Klogo.svg","width":1,"height":1,"caption":"Przetw\u00f3rstwo Tworzyw Sztucznych KOMPLAST"},"image":{"@id":"https:\/\/komplast.pl\/#\/schema\/logo\/image\/"}}]}},"_links":{"self":[{"href":"https:\/\/komplast.pl\/index.php\/wp-json\/wp\/v2\/pages\/2904"}],"collection":[{"href":"https:\/\/komplast.pl\/index.php\/wp-json\/wp\/v2\/pages"}],"about":[{"href":"https:\/\/komplast.pl\/index.php\/wp-json\/wp\/v2\/types\/page"}],"author":[{"embeddable":true,"href":"https:\/\/komplast.pl\/index.php\/wp-json\/wp\/v2\/users\/1"}],"replies":[{"embeddable":true,"href":"https:\/\/komplast.pl\/index.php\/wp-json\/wp\/v2\/comments?post=2904"}],"version-history":[{"count":8,"href":"https:\/\/komplast.pl\/index.php\/wp-json\/wp\/v2\/pages\/2904\/revisions"}],"predecessor-version":[{"id":2944,"href":"https:\/\/komplast.pl\/index.php\/wp-json\/wp\/v2\/pages\/2904\/revisions\/2944"}],"wp:attachment":[{"href":"https:\/\/komplast.pl\/index.php\/wp-json\/wp\/v2\/media?parent=2904"}],"curies":[{"name":"wp","href":"https:\/\/api.w.org\/{rel}","templated":true}]}}