{"id":2715,"date":"2024-01-04T13:51:17","date_gmt":"2024-01-04T12:51:17","guid":{"rendered":"https:\/\/komplast.pl\/?page_id=2715"},"modified":"2025-01-08T14:58:17","modified_gmt":"2025-01-08T13:58:17","slug":"mini-geokratka","status":"publish","type":"page","link":"https:\/\/komplast.pl\/index.php\/oferta\/mini-geokratka\/","title":{"rendered":"Minigeokratka"},"content":{"rendered":"<h1 class=\"centered\">MINIGEOKRATKA<h1>\r\n<h4 style=\"text-align: center\">do miejscowego i czasowego  wzmocnienia gruntu<\/h4>\r\n<hr>\r\n<div class=\"sidebyside\">\r\n  <div class=\"halfleft\"><picture>\r\n    <source media=\"(min-width: 1280px)\" srcset=\"https:\/\/komplast.pl\/wp-content\/uploads\/2024\/02\/Kratka-z-klinamiXL.jpg\" type=\"image\/jpg\">\r\n    <source media=\"(min-width: 1280px)\" srcset=\"https:\/\/komplast.pl\/wp-content\/uploads\/2024\/02\/Kratka-z-klinamiXL.webp\" type=\"image\/webp\">\r\n    <source media=\"(min-width: 630px)\" srcset=\"https:\/\/komplast.pl\/wp-content\/uploads\/2024\/02\/Kratka-z-klinami630.jpg\" type=\"image\/jpg\">\r\n    <source media=\"(min-width: 630px)\" srcset=\"https:\/\/komplast.pl\/wp-content\/uploads\/2024\/02\/Kratka-z-klinami630.webp\" type=\"image\/webp\">\r\n    <source media=\"(min-width: 420px)\" srcset=\"https:\/\/komplast.pl\/wp-content\/uploads\/2024\/02\/Kratka-z-klinami420.jpg\" type=\"image\/jpg\">\r\n    <source media=\"(min-width: 420px)\" srcset=\"https:\/\/komplast.pl\/wp-content\/uploads\/2024\/02\/Kratka-z-klinami420.webp\" type=\"image\/webp\">\r\n    <img decoding=\"async\" role=\"presentation\" class=\"lbpic-ortho\" alt=\"Minigeokratka do trawnik\u00f3w koszonych za pomoc\u0105 robot\u00f3w kosz\u0105cych, wraz ze szpilkami szpilkami mocuj\u0105cymi\" src=\"https:\/\/komplast.pl\/wp-content\/uploads\/2024\/02\/Kratka-z-klinami630.jpg\">\r\n  <\/picture><\/div>\r\n  <div class=\"halfright\">Produkt dedykowany do trawnik\u00f3w koszonych z wykorzystaniem robot\u00f3w kosz\u0105cych. Zapobiega on wyrywaniu trawy i tworzeniu zag\u0142\u0119bie\u0144 podczas zawracania przez robota na mi\u0119kkiej glebie.\r\nProdukt \u0142atwy w monta\u017cu i demonta\u017cu.<\/div>\r\n<\/div>\r\n<hr>\r\n<h2>Zastosowanie:<\/h2>\r\nMiejscowe wzmocnienie gruntu  pozwalaj\u0105ce na wysianie i wzrost trawy.\r\n<hr>\r\n<h2>Zalety:<\/h2>\r\n<ul>\r\n  <li>niepor\u00f3wnywalnie wi\u0119ksza skuteczno\u015b\u0107 ni\u017c zastosowanie plastikowych siatek &#8211; na kt\u00f3rych \u015blizgaj\u0105 si\u0119 ko\u0142a robota kosz\u0105cego<\/li>\r\n  <li>niewielkie wymiary, a\u017curowa konstrukcja  i ostre kraw\u0119dzie na jednej stronie daj\u0105 mo\u017cliwo\u015b\u0107 wbicia kratki gumowym m\u0142otkiem (u\u017cywaj\u0105c po\u015brednio deski) bez potrzeby niwelowania terenu.<\/li>\r\n  <li>minigeokratk\u0119 w przeciwie\u0144stwie do du\u017cych geokratek mo\u017cna  \u0142atwo zamontowa\u0107, jak i usun\u0105\u0107 kiedy spe\u0142ni swoje zadanie<\/li>\r\n  <li>mo\u017cliwe wielokrotne  wykorzystanie ma pozytywny wp\u0142yw na \u015brodowisko<\/li>\r\n  <li>mo\u017cna j\u0105 r\u00f3wnie\u017c bezproblemowo doci\u0105\u0107 na mniejszy wymiar<\/li>\r\n  <li>Produkt ekologiczny wytworzony w 100% z tworzywa  pochodz\u0105cego z recyklingu.<\/li>\r\n<\/ul>\r\n\r\n<h2>Sposoby  monta\u017cu:<\/h2>\r\n<div class=\"sidebyside\">\r\n  <div class=\"halfleft\">\r\n    <ol>\r\n      <li>U\u0142o\u017cy\u0107 pojedynczo lub w zespole (z wykorzystaniem zaczep\u00f3w) i utwierdzi\u0107 klinami monta\u017cowymi, lokalizuj\u0105c haczyki w odpowiednich zag\u0142\u0119bieniach. Nast\u0119pnie wype\u0142ni\u0107 oczka kratki ziemi\u0105 do oko\u0142o 5mm poni\u017cej g\u00f3rnej kraw\u0119dzi i wysia\u0107 traw\u0119.<\/li>\r\n      <li>Wykorzystuj\u0105c po\u015brednio desk\u0119, wbi\u0107 kratk\u0119 w ziemi\u0119 stron\u0105 posiadaj\u0105c\u0105 ostre kraw\u0119dzie &#8211; zachowuj\u0105c przy tym wszelkie \u015brodki ostro\u017cno\u015bci. Dla u\u0142atwienia mo\u017cna naci\u0105\u0107 \u015blad odci\u015bni\u0119tej kratki  no\u017cem.<\/li>\r\n    <\/ol>\r\n  <\/div>\r\n  <div class=\"halfright\">\r\n    <img decoding=\"async\" class=\"vect\" src=\"https:\/\/komplast.pl\/wp-content\/uploads\/2024\/01\/NewComposite-holes.svg\"\/>\r\n  <\/div>\r\n<\/div>\r\n<hr>\r\n<div class=\"sidebyside\">\r\n  <div class=\"halfleft\">\r\n    <picture>\r\n      <source media=\"(min-width: 1280px)\" srcset=\"https:\/\/komplast.pl\/wp-content\/uploads\/2024\/01\/SzpilkiXL.jpg\" type=\"image\/jpg\">\r\n      <source media=\"(min-width: 1280px)\" srcset=\"https:\/\/komplast.pl\/wp-content\/uploads\/2024\/01\/SzpilkiXL.webp\" type=\"image\/webp\">\r\n      <source media=\"(min-width: 960px)\" srcset=\"https:\/\/komplast.pl\/wp-content\/uploads\/2024\/01\/Szpilki960.jpg\" type=\"image\/jpg\">\r\n      <source media=\"(min-width: 960px)\" srcset=\"https:\/\/komplast.pl\/wp-content\/uploads\/2024\/01\/Szpilki960.webp\" type=\"image\/webp\">\r\n      <source media=\"(min-width: 630px)\" srcset=\"https:\/\/komplast.pl\/wp-content\/uploads\/2024\/01\/Szpilki630.jpg\" type=\"image\/jpg\">\r\n      <source media=\"(min-width: 630px)\" srcset=\"https:\/\/komplast.pl\/wp-content\/uploads\/2024\/01\/Szpilki630.webp\" type=\"image\/webp\">\r\n      <source media=\"(min-width: 420px)\" srcset=\"https:\/\/komplast.pl\/wp-content\/uploads\/2024\/01\/Szpilki420.jpg\" type=\"image\/jpg\">\r\n      <source media=\"(min-width: 420px)\" srcset=\"https:\/\/komplast.pl\/wp-content\/uploads\/2024\/01\/Szpilki420.webp\" type=\"image\/webp\">\r\n      <img decoding=\"async\" role=\"presentation\" class=\"lbpic-ortho\" alt=\"Zdj\u0119cie\" src=\"https:\/\/komplast.pl\/wp-content\/uploads\/2024\/01\/Szpilki960.jpg\">\r\n    <\/picture>\r\n  <\/div>\r\n  <div class=\"halfright\">\r\n    Ewentualne uszkodzenie kratki z powodu nier\u00f3wno\u015bci terenu  lub zalegania w ziemi drobnych kamieni nie stanowi problemu, poniewa\u017c elementem pomocniczym do produktu jest klin mocuj\u0105cy.<br>\r\nNale\u017cy  u\u017cy\u0107 tak\u0105 ich ilo\u015b\u0107, aby kratka nie odstawa\u0142a od powierzchni gruntu.\r\n  <\/div>\r\n<\/div>\r\n\r\nWaga 1szt kratki: 0,082kg\r\nWymiar bez zaczep\u00f3w: 18 x 27,5 x 1,8 cm\r\nWymiar z zaczepami: 18,8 x 28,5 x 1,8 cm\r\nWydajno\u015b\u0107: ok. 20 szt\/m.kw\r\nMateria\u0142: tworzywo sztuczne pochodz\u0105ce w 100% z recyklingu\r\nKolor: czarny\r\n<hr>\r\n<h1 class=\"centered\">Szpilka do przewodu ograniczaj\u0105cego<\/h1>\r\n<hr>\r\nSzpilka do  przewodu ograniczaj\u0105cego obszar  pracy robot\u00f3w kosz\u0105cych i mocowania minigeokratki \r\nto plastikowa kotwa  do wbijania w ziemi\u0119.\r\nKo\u0142ek mocuj\u0105cy z haczykiem  ma  szerokie  zastosowanie:\r\n<ol>\r\n<li>Mocowanie drutu ograniczaj\u0105cego obszar pracy kosiarki samobie\u017cnej.<\/li>\r\n<li>Mocowanie  minigeokratki wzmacniaj\u0105cej pod\u0142o\u017ce w miejscach zawracania robota kosz\u0105cego<\/li>\r\nkt\u00f3ry w mi\u0119kkiej glebie czasami wykopuje do\u0142ki i utrudnia wzrost trawy.<\/li>\r\n<li>Mocowanie siatki zabezpieczaj\u0105cej przed kretami<\/li>\r\n<li>Wytyczanie grz\u0105dek itp.<\/li>\r\n<\/ol>\r\nZalety:\r\n<ul>\r\n<li>Posiada unikalne rozwi\u0105zanie w postaci otwor\u00f3w na jednej z p\u0142aszczyzn, kt\u00f3re zwi\u0119kszaj\u0105  \r\nsi\u0142\u0119 blokuj\u0105c\u0105  w gruncie.<\/li>\r\n<li>Nie zak\u0142\u00f3ca sygna\u0142u emitowanego w przewodzie<\/li>\r\n<li>Nie kaleczy przewodu<\/li>\r\n<li>Szeroko\u015b\u0107 szczeliny haczyka pozwala na mocowanie przewod\u00f3w wi\u0119kszo\u015bci robot\u00f3w kosz\u0105cych<\/li>\r\n<\/ul>\r\nParametry produktu:\r\n<ul>\r\n<li>d\u0142ugo\u015b\u0107 szpilki: oko\u0142o 87 +\/- 2 mm<\/li>\r\n<li>szeroko\u015b\u0107 szpilki: 12 mm<\/li>\r\n<li>szeroko\u015b\u0107 szpilki z haczykiem: 20,5 mm<\/li>\r\n<li>szeroko\u015b\u0107 prze\u015bwitu haczyka: 3,5 mm<\/li>\r\n<\/ul>\r\nZapotrzebowanie:\r\n<ul>\r\n<li>mocowania przewodu ilo\u015b\u0107 wg. zalece\u0144 producenta robota kosz\u0105cego (od 40 do 80 cm)<\/li>\r\n<li>do mocowania jednej minigeokratki min.4szt szpilek<\/li>\r\n<\/ul>\r\n<p>Produkt ekologiczny, wytworzony w 100% z tworzywa pochodz\u0105cego z recyklingu.<\/p><hr>\r\n<p>Kolor czarny.<\/p><hr>\r\n<p>Wz\u00f3r zastrze\u017cony w EUIPO European Union Intellektual Property Office: No.015034878-0001<\/p>\r\nPAKOWANIE w woreczki z folii  PE gr.0,06\r\n<ul>\r\n<li>100szt. &#8211; waga brutto z woreczkiem 20X25cm 338,5gr.<\/li>\r\n<\/ul>\r\n\r\nInne mo\u017cliwe zastosowania:\r\n\r\n<div class=\"cssfader fade3\" style=\"z-index: 1; display: flex; justify-content: center;\">\r\n  <h2 id=\"sl1\">Os\u0142ona z 12 szt. po\u0142\u0105czonych i wzmocnionych opaskami<\/h2>\r\n  <h2 id=\"sl2\">P\u0142otek z po\u0142\u0105czonych kratek wzmocnionych opaskami <\/h2>\r\n  <h2 id=\"sl3\">Ochrona wystaj\u0105cego korzenia.<\/h2>\r\n<\/div>\r\n<div class=\"cssfader fade3\" style=\"aspect-ratio: 1\">\r\n  <img decoding=\"async\" id=\"sl1\" src=\"https:\/\/komplast.pl\/wp-content\/uploads\/2024\/05\/OslonaZopaskami960.webp\" alt=\"\">\r\n  <img decoding=\"async\" id=\"sl2\" src=\"https:\/\/komplast.pl\/wp-content\/uploads\/2024\/05\/PlotekZkratek960.webp\" alt=\"\">\r\n  <img id=\"sl3\"src=\"https:\/\/komplast.pl\/wp-content\/uploads\/2024\/05\/OchronaKorzenia960.webp\" alt=\"\">\r\n<\/div>\r\n<hr>\r\n<p class=\"fullwidth safety\">Bezpiecze\u0144stwo: \r\n\r\n    <br>Minigeokratka i ko\u0142ki mocuj\u0105ce nie s\u0105 zabawkami i nie nale\u017cy udost\u0119pnia\u0107 ich dzieciom poni\u017cej 3 roku \u017cycia.  \r\n\r\n    <br>Przed ka\u017cdym zastosowaniem u\u017cytkownik powinien upewni\u0107 si\u0119, czy ko\u0142ki monta\u017cowe nie s\u0105 uszkodzone. Je\u015bli nosz\u0105 \u015blady jakichkolwiek uszkodze\u0144 nale\u017cy wyrzuci\u0107 je do pojemnika na odpady plastikowe.  \r\n\r\n    <br>Produktu nale\u017cy u\u017cywa\u0107 zgodnie z jego przeznaczeniem oraz instrukcj\u0105 monta\u017cu.  \r\n\r\n    <br>Podczas ich monta\u017cu nale\u017cy zachowa\u0107 ostro\u017cno\u015b\u0107 oraz korzysta\u0107 z r\u0119kawiczek i okular\u00f3w ochronnych. \r\n\r\n    <br>Minigeokratka oraz kliny mocuj\u0105ce wykonane s\u0105 z tworzywa sztucznego, kt\u00f3re jest bierne chemicznie. \r\n\r\n     <br>Produkt jest zgodny z maj\u0105cymi zastosowanie przepisami prawa Unii Europejskiej w szczeg\u00f3lno\u015bci z przepisami rozporz\u0105dzenia 2023\/988 w sprawie og\u00f3lnego bezpiecze\u0144stwa produkt\u00f3w. Produkt posiada dokumentacj\u0119 zgodn\u0105 z GPSR. \r\n\r\n     <br>Produkt posiada numer partii w postaci oznaczenia numerycznego na opakowaniu, umo\u017cliwiaj\u0105cy \u0142atw\u0105 identyfikacj\u0119. Posiada r\u00f3wnie\u017c identyfikator w postaci numeru GTIN na opakowaniu.<\/p> \r\n\r\n\r\n<style>\r\n\r\n.cssfader {\r\n  position: relative;\r\n\r\n  & h2 {\r\n    position: absolute;\r\n    text-justify: none;\r\n    background-color: #fff;\r\n    margin-top: 1em;\r\n    padding-inline: 1em;\r\n  }\r\n}\r\n\r\n<\/style>","protected":false},"excerpt":{"rendered":"<p>MINIGEOKRATKA do miejscowego i czasowego wzmocnienia gruntu Produkt dedykowany do trawnik\u00f3w koszonych z wykorzystaniem robot\u00f3w kosz\u0105cych. Zapobiega on wyrywaniu trawy i tworzeniu zag\u0142\u0119bie\u0144 podczas zawracania przez robota na mi\u0119kkiej glebie. Produkt \u0142atwy w monta\u017cu i demonta\u017cu. Zastosowanie: Miejscowe wzmocnienie gruntu &hellip; <a href=\"https:\/\/komplast.pl\/index.php\/oferta\/mini-geokratka\/\">Continue reading <span class=\"meta-nav\">&rarr;<\/span><\/a><\/p>\n","protected":false},"author":1,"featured_media":0,"parent":44,"menu_order":0,"comment_status":"closed","ping_status":"closed","template":"","meta":{"inline_featured_image":false},"yoast_head":"<!-- This site is optimized with the Yoast SEO plugin v20.1 - https:\/\/yoast.com\/wordpress\/plugins\/seo\/ -->\n<title>Minigeokratka | Przetw\u00f3rstwo Tworzyw Sztucznych KOMPLAST<\/title>\n<meta name=\"robots\" content=\"index, follow, max-snippet:-1, max-image-preview:large, max-video-preview:-1\" \/>\n<link rel=\"canonical\" href=\"https:\/\/komplast.pl\/index.php\/oferta\/mini-geokratka\/\" \/>\n<meta property=\"og:locale\" content=\"pl_PL\" \/>\n<meta property=\"og:type\" content=\"article\" \/>\n<meta property=\"og:title\" content=\"Minigeokratka | Przetw\u00f3rstwo Tworzyw Sztucznych KOMPLAST\" \/>\n<meta property=\"og:description\" content=\"MINIGEOKRATKA do miejscowego i czasowego wzmocnienia gruntu Produkt dedykowany do trawnik\u00f3w koszonych z wykorzystaniem robot\u00f3w kosz\u0105cych. Zapobiega on wyrywaniu trawy i tworzeniu zag\u0142\u0119bie\u0144 podczas zawracania przez robota na mi\u0119kkiej glebie. Produkt \u0142atwy w monta\u017cu i demonta\u017cu. Zastosowanie: Miejscowe wzmocnienie gruntu &hellip; Continue reading &rarr;\" \/>\n<meta property=\"og:url\" content=\"https:\/\/komplast.pl\/index.php\/oferta\/mini-geokratka\/\" \/>\n<meta property=\"og:site_name\" content=\"Przetw\u00f3rstwo Tworzyw Sztucznych KOMPLAST\" \/>\n<meta property=\"article:modified_time\" content=\"2025-01-08T13:58:17+00:00\" \/>\n<meta property=\"og:image\" content=\"https:\/\/komplast.pl\/wp-content\/uploads\/2024\/02\/Kratka-z-klinami630.jpg\" \/>\n<meta name=\"twitter:card\" content=\"summary_large_image\" \/>\n<meta name=\"twitter:label1\" content=\"Szacowany czas czytania\" \/>\n\t<meta name=\"twitter:data1\" content=\"5 minut\" \/>\n<script type=\"application\/ld+json\" class=\"yoast-schema-graph\">{\"@context\":\"https:\/\/schema.org\",\"@graph\":[{\"@type\":\"WebPage\",\"@id\":\"https:\/\/komplast.pl\/index.php\/oferta\/mini-geokratka\/\",\"url\":\"https:\/\/komplast.pl\/index.php\/oferta\/mini-geokratka\/\",\"name\":\"Minigeokratka | Przetw\u00f3rstwo Tworzyw Sztucznych KOMPLAST\",\"isPartOf\":{\"@id\":\"https:\/\/komplast.pl\/#website\"},\"datePublished\":\"2024-01-04T12:51:17+00:00\",\"dateModified\":\"2025-01-08T13:58:17+00:00\",\"breadcrumb\":{\"@id\":\"https:\/\/komplast.pl\/index.php\/oferta\/mini-geokratka\/#breadcrumb\"},\"inLanguage\":\"pl-PL\",\"potentialAction\":[{\"@type\":\"ReadAction\",\"target\":[\"https:\/\/komplast.pl\/index.php\/oferta\/mini-geokratka\/\"]}]},{\"@type\":\"BreadcrumbList\",\"@id\":\"https:\/\/komplast.pl\/index.php\/oferta\/mini-geokratka\/#breadcrumb\",\"itemListElement\":[{\"@type\":\"ListItem\",\"position\":1,\"name\":\"Strona g\u0142\u00f3wna\",\"item\":\"https:\/\/komplast.pl\/\"},{\"@type\":\"ListItem\",\"position\":2,\"name\":\"OFERTA\",\"item\":\"https:\/\/komplast.pl\/index.php\/oferta\/\"},{\"@type\":\"ListItem\",\"position\":3,\"name\":\"Minigeokratka\"}]},{\"@type\":\"WebSite\",\"@id\":\"https:\/\/komplast.pl\/#website\",\"url\":\"https:\/\/komplast.pl\/\",\"name\":\"Przetw\u00f3rstwo Tworzyw Sztucznych KOMPLAST\",\"description\":\"Zapinki do pomidor\u00f3w oraz inne detale z tworzyw sztucznych\",\"publisher\":{\"@id\":\"https:\/\/komplast.pl\/#organization\"},\"potentialAction\":[{\"@type\":\"SearchAction\",\"target\":{\"@type\":\"EntryPoint\",\"urlTemplate\":\"https:\/\/komplast.pl\/?s={search_term_string}\"},\"query-input\":\"required name=search_term_string\"}],\"inLanguage\":\"pl-PL\"},{\"@type\":\"Organization\",\"@id\":\"https:\/\/komplast.pl\/#organization\",\"name\":\"Przetw\u00f3rstwo Tworzyw Sztucznych KOMPLAST\",\"url\":\"https:\/\/komplast.pl\/\",\"logo\":{\"@type\":\"ImageObject\",\"inLanguage\":\"pl-PL\",\"@id\":\"https:\/\/komplast.pl\/#\/schema\/logo\/image\/\",\"url\":\"https:\/\/komplast.pl\/wp-content\/uploads\/2019\/03\/Klogo.svg\",\"contentUrl\":\"https:\/\/komplast.pl\/wp-content\/uploads\/2019\/03\/Klogo.svg\",\"width\":1,\"height\":1,\"caption\":\"Przetw\u00f3rstwo Tworzyw Sztucznych KOMPLAST\"},\"image\":{\"@id\":\"https:\/\/komplast.pl\/#\/schema\/logo\/image\/\"}}]}<\/script>\n<!-- \/ Yoast SEO plugin. -->","yoast_head_json":{"title":"Minigeokratka | Przetw\u00f3rstwo Tworzyw Sztucznych KOMPLAST","robots":{"index":"index","follow":"follow","max-snippet":"max-snippet:-1","max-image-preview":"max-image-preview:large","max-video-preview":"max-video-preview:-1"},"canonical":"https:\/\/komplast.pl\/index.php\/oferta\/mini-geokratka\/","og_locale":"pl_PL","og_type":"article","og_title":"Minigeokratka | Przetw\u00f3rstwo Tworzyw Sztucznych KOMPLAST","og_description":"MINIGEOKRATKA do miejscowego i czasowego wzmocnienia gruntu Produkt dedykowany do trawnik\u00f3w koszonych z wykorzystaniem robot\u00f3w kosz\u0105cych. Zapobiega on wyrywaniu trawy i tworzeniu zag\u0142\u0119bie\u0144 podczas zawracania przez robota na mi\u0119kkiej glebie. Produkt \u0142atwy w monta\u017cu i demonta\u017cu. Zastosowanie: Miejscowe wzmocnienie gruntu &hellip; Continue reading &rarr;","og_url":"https:\/\/komplast.pl\/index.php\/oferta\/mini-geokratka\/","og_site_name":"Przetw\u00f3rstwo Tworzyw Sztucznych KOMPLAST","article_modified_time":"2025-01-08T13:58:17+00:00","og_image":[{"url":"https:\/\/komplast.pl\/wp-content\/uploads\/2024\/02\/Kratka-z-klinami630.jpg"}],"twitter_card":"summary_large_image","twitter_misc":{"Szacowany czas czytania":"5 minut"},"schema":{"@context":"https:\/\/schema.org","@graph":[{"@type":"WebPage","@id":"https:\/\/komplast.pl\/index.php\/oferta\/mini-geokratka\/","url":"https:\/\/komplast.pl\/index.php\/oferta\/mini-geokratka\/","name":"Minigeokratka | Przetw\u00f3rstwo Tworzyw Sztucznych KOMPLAST","isPartOf":{"@id":"https:\/\/komplast.pl\/#website"},"datePublished":"2024-01-04T12:51:17+00:00","dateModified":"2025-01-08T13:58:17+00:00","breadcrumb":{"@id":"https:\/\/komplast.pl\/index.php\/oferta\/mini-geokratka\/#breadcrumb"},"inLanguage":"pl-PL","potentialAction":[{"@type":"ReadAction","target":["https:\/\/komplast.pl\/index.php\/oferta\/mini-geokratka\/"]}]},{"@type":"BreadcrumbList","@id":"https:\/\/komplast.pl\/index.php\/oferta\/mini-geokratka\/#breadcrumb","itemListElement":[{"@type":"ListItem","position":1,"name":"Strona g\u0142\u00f3wna","item":"https:\/\/komplast.pl\/"},{"@type":"ListItem","position":2,"name":"OFERTA","item":"https:\/\/komplast.pl\/index.php\/oferta\/"},{"@type":"ListItem","position":3,"name":"Minigeokratka"}]},{"@type":"WebSite","@id":"https:\/\/komplast.pl\/#website","url":"https:\/\/komplast.pl\/","name":"Przetw\u00f3rstwo Tworzyw Sztucznych KOMPLAST","description":"Zapinki do pomidor\u00f3w oraz inne detale z tworzyw sztucznych","publisher":{"@id":"https:\/\/komplast.pl\/#organization"},"potentialAction":[{"@type":"SearchAction","target":{"@type":"EntryPoint","urlTemplate":"https:\/\/komplast.pl\/?s={search_term_string}"},"query-input":"required name=search_term_string"}],"inLanguage":"pl-PL"},{"@type":"Organization","@id":"https:\/\/komplast.pl\/#organization","name":"Przetw\u00f3rstwo Tworzyw Sztucznych KOMPLAST","url":"https:\/\/komplast.pl\/","logo":{"@type":"ImageObject","inLanguage":"pl-PL","@id":"https:\/\/komplast.pl\/#\/schema\/logo\/image\/","url":"https:\/\/komplast.pl\/wp-content\/uploads\/2019\/03\/Klogo.svg","contentUrl":"https:\/\/komplast.pl\/wp-content\/uploads\/2019\/03\/Klogo.svg","width":1,"height":1,"caption":"Przetw\u00f3rstwo Tworzyw Sztucznych KOMPLAST"},"image":{"@id":"https:\/\/komplast.pl\/#\/schema\/logo\/image\/"}}]}},"_links":{"self":[{"href":"https:\/\/komplast.pl\/index.php\/wp-json\/wp\/v2\/pages\/2715"}],"collection":[{"href":"https:\/\/komplast.pl\/index.php\/wp-json\/wp\/v2\/pages"}],"about":[{"href":"https:\/\/komplast.pl\/index.php\/wp-json\/wp\/v2\/types\/page"}],"author":[{"embeddable":true,"href":"https:\/\/komplast.pl\/index.php\/wp-json\/wp\/v2\/users\/1"}],"replies":[{"embeddable":true,"href":"https:\/\/komplast.pl\/index.php\/wp-json\/wp\/v2\/comments?post=2715"}],"version-history":[{"count":43,"href":"https:\/\/komplast.pl\/index.php\/wp-json\/wp\/v2\/pages\/2715\/revisions"}],"predecessor-version":[{"id":2923,"href":"https:\/\/komplast.pl\/index.php\/wp-json\/wp\/v2\/pages\/2715\/revisions\/2923"}],"up":[{"embeddable":true,"href":"https:\/\/komplast.pl\/index.php\/wp-json\/wp\/v2\/pages\/44"}],"wp:attachment":[{"href":"https:\/\/komplast.pl\/index.php\/wp-json\/wp\/v2\/media?parent=2715"}],"curies":[{"name":"wp","href":"https:\/\/api.w.org\/{rel}","templated":true}]}}