{"id":213,"date":"2019-02-05T14:41:01","date_gmt":"2019-02-05T13:41:01","guid":{"rendered":"https:\/\/komplast.pl\/?page_id=213"},"modified":"2025-01-08T14:59:30","modified_gmt":"2025-01-08T13:59:30","slug":"uslugi","status":"publish","type":"page","link":"https:\/\/komplast.pl\/index.php\/oferta\/uslugi\/","title":{"rendered":"Us\u0142ugi"},"content":{"rendered":"<div class=\"flexbox\">\r\n  <div class=\"fortyleft\">\r\n    <h1 class=\"centered\">US\u0141UGI<\/h1>\r\n    <hr>\r\n    <ul style=\"list-style-type:circle;\">\r\n    <li>Wykonywanie detali z tworzyw sztucznych na zam\u00f3wienie (PP, PA, PS, PE, itp.)<\/li>\r\n    <hr>\r\n    <li>Obr\u00f3bka metalu na maszynach konwencjonalnych i CNC<\/li>\r\n    <hr>\r\n    <li>Ektrodr\u0105\u017cenie wg\u0142\u0119bne stempli i matryc oraz wk\u0142adek form, wykrojnik\u00f3w, przyrz\u0105d\u00f3w i narz\u0119dzi<\/li>\r\n    <hr>\r\n    <li>Wykonanie tekstu, opisu, liter, cyfr lub grafiki na metalu (tak\u017ce hartowanym)<\/li>\r\n    <hr>\r\n    <li>Elektroerozyjne wycinanie i odcinanie metali (w tym  hartowanych) oraz innych materia\u0142\u00f3w przewodz\u0105cych pr\u0105d<\/li>\r\n    <hr>\r\n    <li>Wycinanie elektrod z miedzi i grafitu do elektrodr\u0105\u017cenia  \r\n<\/li>\r\n    <hr>\r\n    <li>Projektowanie CAD oraz opracowanie plastyczne wzoru<\/li>\r\n    <\/ul>\r\n    <hr>\r\n  <\/div>\r\n  <div class=\"sixtyright\">\r\n    <div id=\"us\u0142ugi\" class=\"cssfader fade4\" style=\"position: relative; line-height:0; padding-bottom: 100%; overflow: hidden\">\r\n      <a aria-label=\"Us\u0142ugi\" href=\"#img1\"><p style=\"color: white\" class=\"lb-look lb-thumb\">&#x26B2;<\/p><\/a>\r\n      <picture>\r\n        <source srcSet=\"https:\/\/komplast.pl\/wp-content\/uploads\/2019\/10\/Uslugi.webp\" type=\"image\/webp\" \/>\r\n        <source srcSet=\"https:\/\/komplast.pl\/wp-content\/uploads\/2019\/07\/UslugiL.jpg\" type=\"image\/jpeg\" \/>\r\n        <img decoding=\"async\" id=\"sl1\" src=\"https:\/\/komplast.pl\/wp-content\/uploads\/2019\/07\/UslugiL.jpg\" alt=\"Us\u0142ugi frezowania w metalu oraz elektrodr\u0105\u017cenie w graficie na przyk\u0142adzie napisu www.komplast.pl w pozytywie i negatywie\" \/>\r\n      <\/picture>\r\n      <picture>\r\n        <source srcSet=\"https:\/\/komplast.pl\/wp-content\/uploads\/2019\/10\/wkladka-fi__10.webp\" type=\"image\/webp\" \/>\r\n        <source srcSet=\"https:\/\/komplast.pl\/wp-content\/uploads\/2019\/07\/wkladka-fi__10.jpg\" type=\"image\/jpeg\" \/>\r\n        <img decoding=\"async\" id=\"sl2\" src=\"https:\/\/komplast.pl\/wp-content\/uploads\/2019\/07\/wkladka-fi__10.jpg\" alt=\"Wk\u0142adka do formy wtryskowej w formie walca\"  \/>\r\n      <\/picture>\r\n      <picture>\r\n        <source srcSet=\"https:\/\/komplast.pl\/wp-content\/uploads\/2019\/10\/wkladka-cechujaca-1234.webp\" type=\"image\/webp\" \/>\r\n        <source srcSet=\"https:\/\/komplast.pl\/wp-content\/uploads\/2019\/07\/wkladka-cechujaca__1234.jpg\" type=\"image\/jpeg\" \/>\r\n        <img decoding=\"async\" id=\"sl3\" src=\"https:\/\/komplast.pl\/wp-content\/uploads\/2019\/07\/wkladka-cechujaca__1234.jpg\" alt=\"Wk\u0142adka cechuj\u0105ca z wyfrezowanymi literami i cyframi w dwu rozmiarach\" \/>\r\n      <\/picture>\r\n      <picture>\r\n        <source srcSet=\"https:\/\/komplast.pl\/wp-content\/uploads\/2019\/10\/Stempel-1.webp\" type=\"image\/webp\" \/>\r\n        <source srcSet=\"https:\/\/komplast.pl\/wp-content\/uploads\/2019\/08\/Stempel-1.jpg\" type=\"image\/jpeg\" \/>\r\n        <img decoding=\"async\" id=\"sl4\" src=\"https:\/\/komplast.pl\/wp-content\/uploads\/2019\/08\/Stempel-1.jpg\" alt=\"\" \/>\r\n      <\/picture>\r\n    <\/div>\r\n  <\/div>\r\n<\/div>\r\n\r\n <div class=\"lbox\" id=\"img1\">\r\n     <center><div class=\"lb-screen\">\r\n         <picture>\r\n           <source media=\"(min-width: 700px)\" srcSet=\"https:\/\/komplast.pl\/wp-content\/uploads\/2019\/10\/15aXL.webp, https:\/\/komplast.pl\/wp-content\/uploads\/2019\/08\/15abXL.jpg\" type=\"image\/webp; image\/jpg\" \/>\r\n           <source media=\"(min-width: 400px)\" srcSet=\"https:\/\/komplast.pl\/wp-content\/uploads\/2019\/10\/Uslugi.webp, https:\/\/komplast.pl\/wp-content\/uploads\/2019\/07\/UslugiL.jpg\" type=\"image\/webp; image\/jpg\" \/>\r\n           <img decoding=\"async\" role=\"presentation\" class=\"lb-pic lbpic-square\" src=\"https:\/\/komplast.pl\/wp-content\/uploads\/2019\/07\/UslugiL.jpg\">\r\n         <\/picture>\r\n      <\/div><\/center>\r\n      <div class=\"lb-dash vertimid\" style=\"display: block; text-align: center; margin: 0.5 auto\">  \r\n        <div class=\"lb-btn lb-prev\"><a href=\"#img4\">&#x2B05;<\/a><\/div>\r\n        <div class=\"lb-btn lb-next\"><a href=\"#img2\">&#x2B05;<\/a><\/div> \r\n      <\/div>\r\n  <\/div> \r\n\r\n  <div class=\"lbox\" id=\"img2\">\r\n     <center><div class=\"lb-screen\">\r\n         <picture>\r\n           <source media=\"(min-width: 700px)\" srcSet=\"https:\/\/komplast.pl\/wp-content\/uploads\/2019\/10\/15bXL.webp, https:\/\/komplast.pl\/wp-content\/uploads\/2019\/08\/15bXL.jpg\" type=\"image\/webp; image\/jpg\" \/>\r\n           <source media=\"(min-width: 400px)\" srcSet=\"https:\/\/komplast.pl\/wp-content\/uploads\/2019\/10\/wkladka-fi__10.webp, https:\/\/komplast.pl\/wp-content\/uploads\/2019\/07\/wkladka-fi__10.jpg\" type=\"image\/webp; image\/jpeg\" \/>\r\n           <img decoding=\"async\" role=\"presentation\" class=\"lb-pic lbpic-square\" src=\"https:\/\/komplast.pl\/wp-content\/uploads\/2019\/07\/wkladka-fi__10.jpg\">\r\n         <\/picture>\r\n      <\/div><\/center>\r\n      <div class=\"lb-dash vertimid\" style=\"display: block; text-align: center; margin: 0.5 auto\">  \r\n        <div class=\"lb-btn lb-prev\"><a href=\"#img1\">&#x2B05;<\/a><\/div>\r\n        <div class=\"lb-btn lb-next\"><a href=\"#img3\">&#x2B05;<\/a><\/div> \r\n      <\/div>\r\n  <\/div> \r\n\r\n <div class=\"lbox\" id=\"img3\">\r\n     <center><div class=\"lb-screen\">\r\n         <picture>\r\n           <source media=\"(min-width: 700px)\" srcSet=\"https:\/\/komplast.pl\/wp-content\/uploads\/2019\/10\/15cXL.webp, https:\/\/komplast.pl\/wp-content\/uploads\/2019\/08\/15cXL.jpg\" type=\"image\/webp; image\/jpg\" \/>\r\n           <source media=\"(min-width: 400px)\" srcSet=\"https:\/\/komplast.pl\/wp-content\/uploads\/2019\/10\/wkladka-cechujaca-1234.webp, https:\/\/komplast.pl\/wp-content\/uploads\/2019\/07\/wkladka-cechujaca__1234.jpg\" type=\"image\/webp; image\/jpeg\" \/>\r\n           <img decoding=\"async\" role=\"presentation\" class=\"lb-pic lbpic-square\" src=\"https:\/\/komplast.pl\/wp-content\/uploads\/2019\/07\/wkladka-cechujaca__1234.jpg\">\r\n         <\/picture>\r\n      <\/div><\/center>\r\n      <div class=\"lb-dash vertimid\" style=\"display: block; text-align: center; margin: 0.5 auto\">  \r\n        <div class=\"lb-btn lb-prev\"><a href=\"#img2\">&#x2B05;<\/a><\/div>\r\n        <div class=\"lb-btn lb-next\"><a href=\"#img4\">&#x2B05;<\/a><\/div> \r\n      <\/div>\r\n  <\/div> \r\n\r\n  <div class=\"lbox\" id=\"img4\">\r\n     <center><div class=\"lb-screen\">\r\n         <picture>\r\n           <source media=\"(min-width: 700px)\" srcSet=\"https:\/\/komplast.pl\/wp-content\/uploads\/2019\/10\/15dXL.webp, https:\/\/komplast.pl\/wp-content\/uploads\/2019\/08\/15dXL.jpg\" type=\"image\/webp; image\/jpg\" \/>\r\n           <source media=\"(min-width: 400px)\" srcSet=\"https:\/\/komplast.pl\/wp-content\/uploads\/2019\/10\/Stempel-1.webp, https:\/\/komplast.pl\/wp-content\/uploads\/2019\/08\/Stempel-1.jpg\" type=\"image\/webp; image\/jpeg\" \/>\r\n           <img decoding=\"async\" role=\"presentation\" class=\"lb-pic lbpic-square\" src=\"https:\/\/komplast.pl\/wp-content\/uploads\/2019\/08\/Stempel-1.jpg\">\r\n         <\/picture>\r\n      <\/div><\/center>\r\n      <div class=\"lb-dash vertimid\" style=\"display: block; text-align: center; margin: 0.5 auto\">  \r\n        <div class=\"lb-btn lb-prev\"><a href=\"#img3\">&#x2B05;<\/a><\/div>\r\n        <div class=\"lb-btn lb-next\"><a href=\"#img1\">&#x2B05;<\/a><\/div> \r\n      <\/div>\r\n  <\/div>\r\n\r\n<div class=\"semiopaque\">\r\n  <a href=\"#_\" class=\"btn-close\">\u2716<\/a>\r\n  <div style=\"position: fixed; left: 0; bottom: 0; height: 60px; width: 100%; opacity: inherit\">\r\n    <div class=\"lb-dash vertimid\" style=\"display: block; text-align: center; margin: 0.5 auto\">  \r\n     <p class=\"lb-btn lb-prev\">&#x2B05;<\/p>\r\n     <p class=\"lb-caption\" style=\"width: 100%\">Us\u0142ugi<\/p>\r\n     <p class=\"lb-btn lb-next\">&#x2B05;<\/p> \r\n    <\/div>\r\n  <\/div>\r\n<\/div>","protected":false},"excerpt":{"rendered":"<p>US\u0141UGI Wykonywanie detali z tworzyw sztucznych na zam\u00f3wienie (PP, PA, PS, PE, itp.) Obr\u00f3bka metalu na maszynach konwencjonalnych i CNC Ektrodr\u0105\u017cenie wg\u0142\u0119bne stempli i matryc oraz wk\u0142adek form, wykrojnik\u00f3w, przyrz\u0105d\u00f3w i narz\u0119dzi Wykonanie tekstu, opisu, liter, cyfr lub grafiki na &hellip; <a href=\"https:\/\/komplast.pl\/index.php\/oferta\/uslugi\/\">Continue reading <span class=\"meta-nav\">&rarr;<\/span><\/a><\/p>\n","protected":false},"author":1,"featured_media":0,"parent":44,"menu_order":0,"comment_status":"closed","ping_status":"closed","template":"","meta":{"inline_featured_image":false},"yoast_head":"<!-- This site is optimized with the Yoast SEO plugin v20.1 - https:\/\/yoast.com\/wordpress\/plugins\/seo\/ -->\n<title>Us\u0142ugi | Przetw\u00f3rstwo Tworzyw Sztucznych KOMPLAST<\/title>\n<meta name=\"robots\" content=\"index, follow, max-snippet:-1, max-image-preview:large, max-video-preview:-1\" \/>\n<link rel=\"canonical\" href=\"https:\/\/komplast.pl\/index.php\/oferta\/uslugi\/\" \/>\n<meta property=\"og:locale\" content=\"pl_PL\" \/>\n<meta property=\"og:type\" content=\"article\" \/>\n<meta property=\"og:title\" content=\"Us\u0142ugi | Przetw\u00f3rstwo Tworzyw Sztucznych KOMPLAST\" \/>\n<meta property=\"og:description\" content=\"US\u0141UGI Wykonywanie detali z tworzyw sztucznych na zam\u00f3wienie (PP, PA, PS, PE, itp.) Obr\u00f3bka metalu na maszynach konwencjonalnych i CNC Ektrodr\u0105\u017cenie wg\u0142\u0119bne stempli i matryc oraz wk\u0142adek form, wykrojnik\u00f3w, przyrz\u0105d\u00f3w i narz\u0119dzi Wykonanie tekstu, opisu, liter, cyfr lub grafiki na &hellip; Continue reading &rarr;\" \/>\n<meta property=\"og:url\" content=\"https:\/\/komplast.pl\/index.php\/oferta\/uslugi\/\" \/>\n<meta property=\"og:site_name\" content=\"Przetw\u00f3rstwo Tworzyw Sztucznych KOMPLAST\" \/>\n<meta property=\"article:modified_time\" content=\"2025-01-08T13:59:30+00:00\" \/>\n<meta property=\"og:image\" content=\"https:\/\/komplast.pl\/wp-content\/uploads\/2019\/07\/UslugiL.jpg\" \/>\n<meta name=\"twitter:card\" content=\"summary_large_image\" \/>\n<meta name=\"twitter:label1\" content=\"Szacowany czas czytania\" \/>\n\t<meta name=\"twitter:data1\" content=\"3 minuty\" \/>\n<script type=\"application\/ld+json\" class=\"yoast-schema-graph\">{\"@context\":\"https:\/\/schema.org\",\"@graph\":[{\"@type\":\"WebPage\",\"@id\":\"https:\/\/komplast.pl\/index.php\/oferta\/uslugi\/\",\"url\":\"https:\/\/komplast.pl\/index.php\/oferta\/uslugi\/\",\"name\":\"Us\u0142ugi | Przetw\u00f3rstwo Tworzyw Sztucznych KOMPLAST\",\"isPartOf\":{\"@id\":\"https:\/\/komplast.pl\/#website\"},\"datePublished\":\"2019-02-05T13:41:01+00:00\",\"dateModified\":\"2025-01-08T13:59:30+00:00\",\"breadcrumb\":{\"@id\":\"https:\/\/komplast.pl\/index.php\/oferta\/uslugi\/#breadcrumb\"},\"inLanguage\":\"pl-PL\",\"potentialAction\":[{\"@type\":\"ReadAction\",\"target\":[\"https:\/\/komplast.pl\/index.php\/oferta\/uslugi\/\"]}]},{\"@type\":\"BreadcrumbList\",\"@id\":\"https:\/\/komplast.pl\/index.php\/oferta\/uslugi\/#breadcrumb\",\"itemListElement\":[{\"@type\":\"ListItem\",\"position\":1,\"name\":\"Strona g\u0142\u00f3wna\",\"item\":\"https:\/\/komplast.pl\/\"},{\"@type\":\"ListItem\",\"position\":2,\"name\":\"OFERTA\",\"item\":\"https:\/\/komplast.pl\/index.php\/oferta\/\"},{\"@type\":\"ListItem\",\"position\":3,\"name\":\"Us\u0142ugi\"}]},{\"@type\":\"WebSite\",\"@id\":\"https:\/\/komplast.pl\/#website\",\"url\":\"https:\/\/komplast.pl\/\",\"name\":\"Przetw\u00f3rstwo Tworzyw Sztucznych KOMPLAST\",\"description\":\"Zapinki do pomidor\u00f3w oraz inne detale z tworzyw sztucznych\",\"publisher\":{\"@id\":\"https:\/\/komplast.pl\/#organization\"},\"potentialAction\":[{\"@type\":\"SearchAction\",\"target\":{\"@type\":\"EntryPoint\",\"urlTemplate\":\"https:\/\/komplast.pl\/?s={search_term_string}\"},\"query-input\":\"required name=search_term_string\"}],\"inLanguage\":\"pl-PL\"},{\"@type\":\"Organization\",\"@id\":\"https:\/\/komplast.pl\/#organization\",\"name\":\"Przetw\u00f3rstwo Tworzyw Sztucznych KOMPLAST\",\"url\":\"https:\/\/komplast.pl\/\",\"logo\":{\"@type\":\"ImageObject\",\"inLanguage\":\"pl-PL\",\"@id\":\"https:\/\/komplast.pl\/#\/schema\/logo\/image\/\",\"url\":\"https:\/\/komplast.pl\/wp-content\/uploads\/2019\/03\/Klogo.svg\",\"contentUrl\":\"https:\/\/komplast.pl\/wp-content\/uploads\/2019\/03\/Klogo.svg\",\"width\":1,\"height\":1,\"caption\":\"Przetw\u00f3rstwo Tworzyw Sztucznych KOMPLAST\"},\"image\":{\"@id\":\"https:\/\/komplast.pl\/#\/schema\/logo\/image\/\"}}]}<\/script>\n<!-- \/ Yoast SEO plugin. -->","yoast_head_json":{"title":"Us\u0142ugi | Przetw\u00f3rstwo Tworzyw Sztucznych KOMPLAST","robots":{"index":"index","follow":"follow","max-snippet":"max-snippet:-1","max-image-preview":"max-image-preview:large","max-video-preview":"max-video-preview:-1"},"canonical":"https:\/\/komplast.pl\/index.php\/oferta\/uslugi\/","og_locale":"pl_PL","og_type":"article","og_title":"Us\u0142ugi | Przetw\u00f3rstwo Tworzyw Sztucznych KOMPLAST","og_description":"US\u0141UGI Wykonywanie detali z tworzyw sztucznych na zam\u00f3wienie (PP, PA, PS, PE, itp.) Obr\u00f3bka metalu na maszynach konwencjonalnych i CNC Ektrodr\u0105\u017cenie wg\u0142\u0119bne stempli i matryc oraz wk\u0142adek form, wykrojnik\u00f3w, przyrz\u0105d\u00f3w i narz\u0119dzi Wykonanie tekstu, opisu, liter, cyfr lub grafiki na &hellip; Continue reading &rarr;","og_url":"https:\/\/komplast.pl\/index.php\/oferta\/uslugi\/","og_site_name":"Przetw\u00f3rstwo Tworzyw Sztucznych KOMPLAST","article_modified_time":"2025-01-08T13:59:30+00:00","og_image":[{"url":"https:\/\/komplast.pl\/wp-content\/uploads\/2019\/07\/UslugiL.jpg"}],"twitter_card":"summary_large_image","twitter_misc":{"Szacowany czas czytania":"3 minuty"},"schema":{"@context":"https:\/\/schema.org","@graph":[{"@type":"WebPage","@id":"https:\/\/komplast.pl\/index.php\/oferta\/uslugi\/","url":"https:\/\/komplast.pl\/index.php\/oferta\/uslugi\/","name":"Us\u0142ugi | Przetw\u00f3rstwo Tworzyw Sztucznych KOMPLAST","isPartOf":{"@id":"https:\/\/komplast.pl\/#website"},"datePublished":"2019-02-05T13:41:01+00:00","dateModified":"2025-01-08T13:59:30+00:00","breadcrumb":{"@id":"https:\/\/komplast.pl\/index.php\/oferta\/uslugi\/#breadcrumb"},"inLanguage":"pl-PL","potentialAction":[{"@type":"ReadAction","target":["https:\/\/komplast.pl\/index.php\/oferta\/uslugi\/"]}]},{"@type":"BreadcrumbList","@id":"https:\/\/komplast.pl\/index.php\/oferta\/uslugi\/#breadcrumb","itemListElement":[{"@type":"ListItem","position":1,"name":"Strona g\u0142\u00f3wna","item":"https:\/\/komplast.pl\/"},{"@type":"ListItem","position":2,"name":"OFERTA","item":"https:\/\/komplast.pl\/index.php\/oferta\/"},{"@type":"ListItem","position":3,"name":"Us\u0142ugi"}]},{"@type":"WebSite","@id":"https:\/\/komplast.pl\/#website","url":"https:\/\/komplast.pl\/","name":"Przetw\u00f3rstwo Tworzyw Sztucznych KOMPLAST","description":"Zapinki do pomidor\u00f3w oraz inne detale z tworzyw sztucznych","publisher":{"@id":"https:\/\/komplast.pl\/#organization"},"potentialAction":[{"@type":"SearchAction","target":{"@type":"EntryPoint","urlTemplate":"https:\/\/komplast.pl\/?s={search_term_string}"},"query-input":"required name=search_term_string"}],"inLanguage":"pl-PL"},{"@type":"Organization","@id":"https:\/\/komplast.pl\/#organization","name":"Przetw\u00f3rstwo Tworzyw Sztucznych KOMPLAST","url":"https:\/\/komplast.pl\/","logo":{"@type":"ImageObject","inLanguage":"pl-PL","@id":"https:\/\/komplast.pl\/#\/schema\/logo\/image\/","url":"https:\/\/komplast.pl\/wp-content\/uploads\/2019\/03\/Klogo.svg","contentUrl":"https:\/\/komplast.pl\/wp-content\/uploads\/2019\/03\/Klogo.svg","width":1,"height":1,"caption":"Przetw\u00f3rstwo Tworzyw Sztucznych KOMPLAST"},"image":{"@id":"https:\/\/komplast.pl\/#\/schema\/logo\/image\/"}}]}},"_links":{"self":[{"href":"https:\/\/komplast.pl\/index.php\/wp-json\/wp\/v2\/pages\/213"}],"collection":[{"href":"https:\/\/komplast.pl\/index.php\/wp-json\/wp\/v2\/pages"}],"about":[{"href":"https:\/\/komplast.pl\/index.php\/wp-json\/wp\/v2\/types\/page"}],"author":[{"embeddable":true,"href":"https:\/\/komplast.pl\/index.php\/wp-json\/wp\/v2\/users\/1"}],"replies":[{"embeddable":true,"href":"https:\/\/komplast.pl\/index.php\/wp-json\/wp\/v2\/comments?post=213"}],"version-history":[{"count":35,"href":"https:\/\/komplast.pl\/index.php\/wp-json\/wp\/v2\/pages\/213\/revisions"}],"predecessor-version":[{"id":2759,"href":"https:\/\/komplast.pl\/index.php\/wp-json\/wp\/v2\/pages\/213\/revisions\/2759"}],"up":[{"embeddable":true,"href":"https:\/\/komplast.pl\/index.php\/wp-json\/wp\/v2\/pages\/44"}],"wp:attachment":[{"href":"https:\/\/komplast.pl\/index.php\/wp-json\/wp\/v2\/media?parent=213"}],"curies":[{"name":"wp","href":"https:\/\/api.w.org\/{rel}","templated":true}]}}